{"id":99,"date":"2015-01-22T11:58:11","date_gmt":"2015-01-22T10:58:11","guid":{"rendered":"http:\/\/marcajestelleria.cs\/?page_id=99"},"modified":"2016-07-29T14:54:44","modified_gmt":"2016-07-29T13:54:44","slug":"marcaje-laser","status":"publish","type":"page","link":"https:\/\/telleria.com\/fr\/marcaje-y-mecanizado-de-piezas\/marcaje-laser\/","title":{"rendered":"Marquage laser"},"content":{"rendered":"<p>Nous disposons de cam\u00e9ras de vision qui assurent un positionnement exact du marquage.<\/p>\n<p>Nous marquons plusieurs types de pi\u00e8ces <strong>m\u00e9talliques ou plastiques<\/strong>. Nous avons une grande exp\u00e9rience dans le marquage sur diff\u00e9rents mat\u00e9riaux avec des traitement divers: crom\u00e9, galvanis\u00e9, peint&#8230; Cependant, la premi\u00e8re fois qu&rsquo;on va aborder un travail, il est prudent d&rsquo;avoir une pi\u00e8ce en plus pour faire des essais et obtenir ainsi un marquage homog\u00e8ne, net et de qualit\u00e9. Si ce n&rsquo;\u00e9tait pas possible, nous le ferions sur une face cach\u00e9e d&rsquo;une pi\u00e8ce pour faire un essai au pr\u00e9alable.<\/p>\n<p><img loading=\"lazy\" class=\"alignright wp-image-370\" src=\"https:\/\/telleria.com\/wp-content\/uploads\/IMG_0466-1024x682.jpg\" alt=\"IMG_0466\" width=\"350\" height=\"233\" \/><\/p>\n<p>\n\t\t<style type=\"text\/css\">\n\t\t\t#gallery-4 {\n\t\t\t\tmargin: auto;\n\t\t\t}\n\t\t\t#gallery-4 .gallery-item {\n\t\t\t\tfloat: left;\n\t\t\t\tmargin-top: 10px;\n\t\t\t\ttext-align: center;\n\t\t\t\twidth: 25%;\n\t\t\t}\n\t\t\t#gallery-4 img {\n\t\t\t\tborder: 2px solid #cfcfcf;\n\t\t\t}\n\t\t\t#gallery-4 .gallery-caption {\n\t\t\t\tmargin-left: 0;\n\t\t\t}\n\t\t\t\/* see gallery_shortcode() in wp-includes\/media.php *\/\n\t\t<\/style>\n\t\t<div id='gallery-4' class='gallery galleryid-99 gallery-columns-4 gallery-size-thumbnail'><dl class='gallery-item'>\n\t\t\t<dt class='gallery-icon landscape'>\n\t\t\t\t<a href='https:\/\/telleria.com\/wp-content\/uploads\/laser-lsaer1.jpg' rel=\"lightbox[99]\"><img width=\"150\" height=\"110\" src=\"https:\/\/telleria.com\/wp-content\/uploads\/laser-lsaer1.jpg\" class=\"attachment-thumbnail size-thumbnail\" alt=\"\" loading=\"lazy\" aria-describedby=\"gallery-4-441\" \/><\/a>\n\t\t\t<\/dt>\n\t\t\t\t<dd class='wp-caption-text gallery-caption' id='gallery-4-441'>\n\t\t\t\tMarquage laser de pi\u00e8ces inoxydables\n\t\t\t\t<\/dd><\/dl><dl class='gallery-item'>\n\t\t\t<dt class='gallery-icon landscape'>\n\t\t\t\t<a href='https:\/\/telleria.com\/wp-content\/uploads\/IMG_141811.jpg' rel=\"lightbox[99]\"><img width=\"150\" height=\"100\" src=\"https:\/\/telleria.com\/wp-content\/uploads\/IMG_141811.jpg\" class=\"attachment-thumbnail size-thumbnail\" alt=\"\" loading=\"lazy\" aria-describedby=\"gallery-4-439\" \/><\/a>\n\t\t\t<\/dt>\n\t\t\t\t<dd class='wp-caption-text gallery-caption' id='gallery-4-439'>\n\t\t\t\tMarquage laser d&rsquo;un bouchon en plastique\n\t\t\t\t<\/dd><\/dl><dl class='gallery-item'>\n\t\t\t<dt class='gallery-icon landscape'>\n\t\t\t\t<a href='https:\/\/telleria.com\/wp-content\/uploads\/IMG_00441.jpg' rel=\"lightbox[99]\"><img width=\"150\" height=\"126\" src=\"https:\/\/telleria.com\/wp-content\/uploads\/IMG_00441.jpg\" class=\"attachment-thumbnail size-thumbnail\" alt=\"\" loading=\"lazy\" aria-describedby=\"gallery-4-372\" \/><\/a>\n\t\t\t<\/dt>\n\t\t\t\t<dd class='wp-caption-text gallery-caption' id='gallery-4-372'>\n\t\t\t\tMarquage laser de r\u00e8gle circulaire conique crom\u00e9e\n\t\t\t\t<\/dd><\/dl><dl class='gallery-item'>\n\t\t\t<dt class='gallery-icon landscape'>\n\t\t\t\t<a href='https:\/\/telleria.com\/wp-content\/uploads\/IMG_144811.jpg' rel=\"lightbox[99]\"><img width=\"150\" height=\"100\" src=\"https:\/\/telleria.com\/wp-content\/uploads\/IMG_144811.jpg\" class=\"attachment-thumbnail size-thumbnail\" alt=\"\" loading=\"lazy\" aria-describedby=\"gallery-4-440\" \/><\/a>\n\t\t\t<\/dt>\n\t\t\t\t<dd class='wp-caption-text gallery-caption' id='gallery-4-440'>\n\t\t\t\tMarquage laser d&rsquo;une pi\u00e8ce en plastique\n\t\t\t\t<\/dd><\/dl><br style=\"clear: both\" \/>\n\t\t<\/div>\n<\/p>","protected":false},"excerpt":{"rendered":"<p>Nous disposons de cam\u00e9ras de vision qui assurent un positionnement exact du marquage. Nous marquons plusieurs types de pi\u00e8ces m\u00e9talliques ou plastiques. Nous avons une grande exp\u00e9rience dans le marquage sur diff\u00e9rents mat\u00e9riaux avec des traitement divers: crom\u00e9, galvanis\u00e9, peint&#8230; Cependant, la premi\u00e8re fois qu&rsquo;on va aborder un travail, il est prudent d&rsquo;avoir une pi\u00e8ce [&hellip;]<\/p>\n","protected":false},"author":1,"featured_media":372,"parent":9,"menu_order":1,"comment_status":"closed","ping_status":"closed","template":"","meta":[],"categories":[7],"tags":[],"_links":{"self":[{"href":"https:\/\/telleria.com\/fr\/wp-json\/wp\/v2\/pages\/99"}],"collection":[{"href":"https:\/\/telleria.com\/fr\/wp-json\/wp\/v2\/pages"}],"about":[{"href":"https:\/\/telleria.com\/fr\/wp-json\/wp\/v2\/types\/page"}],"author":[{"embeddable":true,"href":"https:\/\/telleria.com\/fr\/wp-json\/wp\/v2\/users\/1"}],"replies":[{"embeddable":true,"href":"https:\/\/telleria.com\/fr\/wp-json\/wp\/v2\/comments?post=99"}],"version-history":[{"count":45,"href":"https:\/\/telleria.com\/fr\/wp-json\/wp\/v2\/pages\/99\/revisions"}],"predecessor-version":[{"id":1284,"href":"https:\/\/telleria.com\/fr\/wp-json\/wp\/v2\/pages\/99\/revisions\/1284"}],"up":[{"embeddable":true,"href":"https:\/\/telleria.com\/fr\/wp-json\/wp\/v2\/pages\/9"}],"wp:featuredmedia":[{"embeddable":true,"href":"https:\/\/telleria.com\/fr\/wp-json\/wp\/v2\/media\/372"}],"wp:attachment":[{"href":"https:\/\/telleria.com\/fr\/wp-json\/wp\/v2\/media?parent=99"}],"wp:term":[{"taxonomy":"category","embeddable":true,"href":"https:\/\/telleria.com\/fr\/wp-json\/wp\/v2\/categories?post=99"},{"taxonomy":"post_tag","embeddable":true,"href":"https:\/\/telleria.com\/fr\/wp-json\/wp\/v2\/tags?post=99"}],"curies":[{"name":"wp","href":"https:\/\/api.w.org\/{rel}","templated":true}]}}