{"id":93,"date":"2014-11-04T11:56:17","date_gmt":"2014-11-04T10:56:17","guid":{"rendered":"http:\/\/marcajestelleria.cs\/?page_id=93"},"modified":"2016-07-29T14:51:57","modified_gmt":"2016-07-29T13:51:57","slug":"etiquetado-de-cables-tubo","status":"publish","type":"page","link":"https:\/\/telleria.com\/fr\/etiquetado-estandar\/etiquetado-de-cables-tubo\/","title":{"rendered":"\u00c9tiquetage de cables et tubes"},"content":{"rendered":"<p>Sur cette image, on peut voir l&rsquo;application de l&rsquo;\u00e9tiquetage de cables ou de tubes avec des brides.<\/p>\n<div class=\"irudia\"><img title=\"Aplicaci\u00f3n bridas\" src=\"\/wp-content\/uploads\/aplicacion-bridas.jpg\" alt=\"Aplicaci\u00f3n bridas\" \/><\/div>\n<h3>\u00c9tiquettes avec ouverture pour bride en plastique.<\/h3>\n<p>Elles ont des angles arrondis pour \u00e9viter d&rsquo;endommager les cables pendant leur manipulation.<\/p>\n<div class=\"table-responsive\">\n<div class=\"table-responsive\">\n<table>\n<tbody>\n<tr>\n<td>REF.<\/td>\n<td>DIMENSION<\/td>\n<td>MODE DE FIXATION<\/td>\n<\/tr>\n<tr>\n<td>WIR10<\/td>\n<td>20&#215;9<\/td>\n<td>avec 1 bride<\/td>\n<\/tr>\n<tr>\n<td>WIR20<\/td>\n<td>28&#215;9<\/td>\n<td>avec 1 bride<\/td>\n<\/tr>\n<tr>\n<td>WIR30<\/td>\n<td>37&#215;9<\/td>\n<td>avec bride ou\u00a0rivet<\/td>\n<\/tr>\n<tr>\n<td>WIR40<\/td>\n<td>30&#215;12<\/td>\n<td>avec 2 brides<\/td>\n<\/tr>\n<tr>\n<td>WIR50<\/td>\n<td>40&#215;12<\/td>\n<td>avec 2 brides<\/td>\n<\/tr>\n<tr>\n<td>WIR60<\/td>\n<td>50&#215;15<\/td>\n<td>avec 2 brides<\/td>\n<\/tr>\n<\/tbody>\n<\/table>\n<\/div>\n<h3>WIR10<\/h3>\n<div class=\"irudia\"><img title=\"wir10\" src=\"\/wp-content\/uploads\/wir10.jpg\" alt=\"wir10\" \/>\u00a0<img title=\"Croquis wir10\" src=\"\/wp-content\/uploads\/croquis-wir10.png\" alt=\"Croquis wir10\" \/><\/div>\n<h3>WIR20<\/h3>\n<div class=\"irudia\"><img title=\"wir20\" src=\"\/wp-content\/uploads\/wir20.jpg\" alt=\"wir20\" \/>\u00a0<img title=\"Croquis wir20\" src=\"\/wp-content\/uploads\/croquis-wir20.png\" alt=\"Croquis wir20\" \/><\/div>\n<h3>WIR30<\/h3>\n<div class=\"irudia\"><img title=\"wir30\" src=\"\/wp-content\/uploads\/wir30.jpg\" alt=\"wir30\" \/>\u00a0<img title=\"Croquis wir30\" src=\"\/wp-content\/uploads\/croquis-wir30.png\" alt=\"Croquis wir30\" \/><\/div>\n<h3>WIR40<\/h3>\n<div class=\"irudia\"><img title=\"wir40\" src=\"\/wp-content\/uploads\/wir40.jpg\" alt=\"wir40\" \/>\u00a0<img title=\"Croquis wir40\" src=\"\/wp-content\/uploads\/croquis-wir40.png\" alt=\"Croquis wir40\" \/><\/div>\n<h3>WIR50<\/h3>\n<div class=\"irudia\"><img title=\"wir50\" src=\"\/wp-content\/uploads\/wir50.jpg\" alt=\"wir50\" \/>\u00a0<img title=\"Croquis wir50\" src=\"\/wp-content\/uploads\/croquis-wir50.png\" alt=\"Croquis wir50\" \/><\/div>\n<h3>WIR60<\/h3>\n<div class=\"irudia\"><img title=\"wir60\" src=\"\/wp-content\/uploads\/wir60.jpg\" alt=\"wir60\" \/>\u00a0<img title=\"Croquis wir60\" src=\"\/wp-content\/uploads\/croquis-wir60.png\" alt=\"Croquis wir60\" \/><\/div>\n<h3>KLIPS<\/h3>\n<p>KLIPS d&rsquo;installation rapide et marquage ind\u00e9l\u00e9bile pour la signalisation de tubes et de cables fixes.<\/p>\n<div class=\"irudia\"><img title=\"Aplicaci\u00f3n klips\" src=\"\/wp-content\/uploads\/aplicacion-klips-1.jpg\" alt=\"Aplicaci\u00f3n klips\" \/><\/div>\n<div class=\"irudia\"><img title=\"Aplicaci\u00f3n klips\" src=\"\/wp-content\/uploads\/aplicacion-klips-2.jpg\" alt=\"Aplicaci\u00f3n klips\" \/><\/div>\n<div class=\"table-responsive\">\n<table>\n<colgroup>\n<col width=\"99\" \/>\n<col width=\"192\" \/>\n<col width=\"178\" \/><\/colgroup>\n<tbody>\n<tr>\n<td><b>REF.<\/b><\/td>\n<td><b>DIMENSIONS &#8211;\u00a0<\/b>Diam\u00e8tre x longueur<\/td>\n<td><b>COULEUR<\/b><\/td>\n<\/tr>\n<tr>\n<td>KLI6B<\/td>\n<td>6&#215;10<\/td>\n<td>Noir<\/td>\n<\/tr>\n<tr>\n<td>KLI8B<\/td>\n<td>8&#215;10<\/td>\n<td>Noir<\/td>\n<\/tr>\n<tr>\n<td>KLI10B<\/td>\n<td>10&#215;10<\/td>\n<td>Noir<\/td>\n<\/tr>\n<tr>\n<td>KLI12B<\/td>\n<td>12&#215;10<\/td>\n<td>Noir<\/td>\n<\/tr>\n<tr>\n<td>KLI15B<\/td>\n<td>15&#215;10<\/td>\n<td>Noir<\/td>\n<\/tr>\n<tr>\n<td>KLI18B<\/td>\n<td>18&#215;22<\/td>\n<td>Noir<\/td>\n<\/tr>\n<tr>\n<td>KLI22B<\/td>\n<td>22&#215;22<\/td>\n<td>Noir<\/td>\n<\/tr>\n<tr>\n<td>KLI25,4B<\/td>\n<td>25,4&#215;22<\/td>\n<td>Noir<\/td>\n<\/tr>\n<tr>\n<td>KLI28B<\/td>\n<td>28&#215;22<\/td>\n<td>Noir<\/td>\n<\/tr>\n<\/tbody>\n<\/table>\n<\/div>\n<div class=\"irudia\"><img title=\"Croquis KLIP\" src=\"\/wp-content\/uploads\/croquis-klip.png\" alt=\"Croquis KLIP\" \/><\/div>\n<\/div>\n<p><\/p>","protected":false},"excerpt":{"rendered":"<p>Sur cette image, on peut voir l&rsquo;application de l&rsquo;\u00e9tiquetage de cables ou de tubes avec des brides. \u00c9tiquettes avec ouverture pour bride en plastique. Elles ont des angles arrondis pour \u00e9viter d&rsquo;endommager les cables pendant leur manipulation. REF. DIMENSION MODE DE FIXATION WIR10 20&#215;9 avec 1 bride WIR20 28&#215;9 avec 1 bride WIR30 37&#215;9 avec [&hellip;]<\/p>\n","protected":false},"author":1,"featured_media":308,"parent":7,"menu_order":4,"comment_status":"closed","ping_status":"closed","template":"","meta":[],"categories":[6],"tags":[],"_links":{"self":[{"href":"https:\/\/telleria.com\/fr\/wp-json\/wp\/v2\/pages\/93"}],"collection":[{"href":"https:\/\/telleria.com\/fr\/wp-json\/wp\/v2\/pages"}],"about":[{"href":"https:\/\/telleria.com\/fr\/wp-json\/wp\/v2\/types\/page"}],"author":[{"embeddable":true,"href":"https:\/\/telleria.com\/fr\/wp-json\/wp\/v2\/users\/1"}],"replies":[{"embeddable":true,"href":"https:\/\/telleria.com\/fr\/wp-json\/wp\/v2\/comments?post=93"}],"version-history":[{"count":57,"href":"https:\/\/telleria.com\/fr\/wp-json\/wp\/v2\/pages\/93\/revisions"}],"predecessor-version":[{"id":1282,"href":"https:\/\/telleria.com\/fr\/wp-json\/wp\/v2\/pages\/93\/revisions\/1282"}],"up":[{"embeddable":true,"href":"https:\/\/telleria.com\/fr\/wp-json\/wp\/v2\/pages\/7"}],"wp:featuredmedia":[{"embeddable":true,"href":"https:\/\/telleria.com\/fr\/wp-json\/wp\/v2\/media\/308"}],"wp:attachment":[{"href":"https:\/\/telleria.com\/fr\/wp-json\/wp\/v2\/media?parent=93"}],"wp:term":[{"taxonomy":"category","embeddable":true,"href":"https:\/\/telleria.com\/fr\/wp-json\/wp\/v2\/categories?post=93"},{"taxonomy":"post_tag","embeddable":true,"href":"https:\/\/telleria.com\/fr\/wp-json\/wp\/v2\/tags?post=93"}],"curies":[{"name":"wp","href":"https:\/\/api.w.org\/{rel}","templated":true}]}}