{"id":91,"date":"2014-11-04T11:55:54","date_gmt":"2014-11-04T10:55:54","guid":{"rendered":"http:\/\/marcajestelleria.cs\/?page_id=91"},"modified":"2023-03-10T09:19:07","modified_gmt":"2023-03-10T08:19:07","slug":"senalizacion-de-componentes-electricos","status":"publish","type":"page","link":"https:\/\/telleria.com\/fr\/etiquetado-estandar\/senalizacion-de-componentes-electricos\/","title":{"rendered":"Signalisation de composants \u00e9lectroniques"},"content":{"rendered":"<p>En collaboration avec nos clients, nous avons d\u00e9velopp\u00e9 des \u00e9tiquettes standards. Nous esp\u00e9rons qu&rsquo;elles pourront satisfaire vos besoins. L&rsquo;option standard sera toujours plus \u00e9conomique.<\/p>\n<div class=\"irudia\"><img title=\"Se\u00f1alizaci\u00f3n de componentes el\u00e9ctricos\" src=\"\/wp-content\/uploads\/senalizacion-componentes-electricos-1.jpg\" alt=\"Se\u00f1alizaci\u00f3n de componentes el\u00e9ctricos\" \/><\/div>\n<div class=\"irudia\"><img title=\"Se\u00f1alizaci\u00f3n de componentes el\u00e9ctricos\" src=\"\/wp-content\/uploads\/senalizacion-componentes-electricos-2.jpg\" alt=\"Se\u00f1alizaci\u00f3n de componentes el\u00e9ctricos\" \/><\/div>\n<p>\u00c9tiquetage de connecteurs, contacteurs et de divers \u00e9l\u00e9ments. Pour cette signalisation, on utilise de l&rsquo;aluminium de 1 mm d&rsquo;\u00e9paisseur.<\/p>\n<div class=\"irudia\"><img title=\"Conjunto de placas rectangulares\" src=\"\/wp-content\/uploads\/conjunto-placas-rectangulares.jpg\" alt=\"Conjunto de placas rectangulares\" \/><\/div>\n<p>Les dimensions \u00a0habituellement utilis\u00e9es dans ce segment sont les suivantes:<\/p>\n<div class=\"table-responsive\">\n<table>\n<colgroup>\n<col width=\"55\" \/>\n<col width=\"79\" \/><\/colgroup>\n<colgroup>\n<col width=\"195\" \/><\/colgroup>\n<tbody>\n<tr>\n<td><b>REF<\/b>.<\/td>\n<td><b>DIMENSIONS<\/b><\/td>\n<td><b>MODE DE FIXATION<\/b><\/td>\n<\/tr>\n<tr>\n<td>PL10<\/td>\n<td>20&#215;9<\/td>\n<td>2 trous\u00a0diam 2,5 mm<\/td>\n<\/tr>\n<tr>\n<td>PL20<\/td>\n<td>30&#215;9<\/td>\n<td>2 trous\u00a0diam 2,5 mm<\/td>\n<\/tr>\n<tr>\n<td>PL30<\/td>\n<td>37&#215;9<\/td>\n<td>2\u00a0trous\u00a0diam 2,5 mm<\/td>\n<\/tr>\n<tr>\n<td>PL40<\/td>\n<td>20&#215;15<\/td>\n<td>2 trous\u00a0diam 2,5 mm<\/td>\n<\/tr>\n<tr>\n<td>PL50<\/td>\n<td>30&#215;15<\/td>\n<td>2 trous\u00a0diam 2,5 mm<\/td>\n<\/tr>\n<tr>\n<td>PL60<\/td>\n<td>40&#215;15<\/td>\n<td>2 trous\u00a0diam 2,5 mm<\/td>\n<\/tr>\n<tr>\n<td>PL70<\/td>\n<td>50&#215;15<\/td>\n<td>2 trous\u00a0diam 2,5 mm<\/td>\n<\/tr>\n<tr>\n<td>PL80<\/td>\n<td>55&#215;15<\/td>\n<td>2 trous\u00a0diam 2,5 mm<\/td>\n<\/tr>\n<tr>\n<td>PL90<\/td>\n<td>30&#215;20<\/td>\n<td>2 trous\u00a0diam 2,5 mm<\/td>\n<\/tr>\n<tr>\n<td>PL100<\/td>\n<td>40&#215;20<\/td>\n<td>2 trous\u00a0diam 2,5 mm<\/td>\n<\/tr>\n<tr>\n<td>PL110<\/td>\n<td>50&#215;20<\/td>\n<td>2 trous\u00a0diam 2,5 mm<\/td>\n<\/tr>\n<tr>\n<td>PL120<\/td>\n<td>55&#215;20<\/td>\n<td>2 trous\u00a0diam 2,5 mm<\/td>\n<\/tr>\n<tr>\n<td>PL130<\/td>\n<td>50&#215;30<\/td>\n<td>2 trous\u00a0diam 2,5 mm<\/td>\n<\/tr>\n<tr>\n<td>PL140<\/td>\n<td>55&#215;30<\/td>\n<td>2 trous\u00a0diam 2,5 mm<\/td>\n<\/tr>\n<\/tbody>\n<\/table>\n<\/div>\n<div class=\"irudia\"><img loading=\"lazy\" class=\"\" title=\"PL10\" src=\"\/wp-content\/uploads\/PL10_2023_q.png\" alt=\"PL10\" width=\"300\"\n        height=\"300\" \/>\u00a0<img loading=\"lazy\" title=\"PL20\" src=\"\/wp-content\/uploads\/PL20_2023_q.png\" alt=\"PL20\" width=\"300\"\n        height=\"300\" \/><\/div>\n<div class=\"irudia\"><img loading=\"lazy\" title=\"PL30\" src=\"\/wp-content\/uploads\/PL30_2023_q.png\" alt=\"PL30\" width=\"300\"\n    height=\"300\" \/>\u00a0<img loading=\"lazy\" title=\"PL40\"\n        src=\"\/wp-content\/uploads\/PL40_2023_q.png\" alt=\"PL40\" width=\"300\"\n        height=\"300\" \/><\/div>\n<div class=\"irudia\"><img loading=\"lazy\" title=\"PL50\" src=\"\/wp-content\/uploads\/PL50_2023_q.png\" alt=\"PL50\" width=\"300\"\n    height=\"300\" \/>\u00a0<img loading=\"lazy\" title=\"PL60\"\n        src=\"\/wp-content\/uploads\/PL60_2023_q.png\" alt=\"PL60\" width=\"300\"\n        height=\"300\" \/><\/div>\n<div class=\"irudia\"><img loading=\"lazy\" title=\"PL70\" src=\"\/wp-content\/uploads\/PL70_2023_q.png\" alt=\"PL70\" width=\"300\"\n    height=\"300\" \/>\u00a0<img loading=\"lazy\" title=\"PL80\"\n        src=\"\/wp-content\/uploads\/PL80_2023_q.png\" alt=\"PL80\" width=\"300\"\n        height=\"300\" \/><\/div>\n<div class=\"irudia\"><img loading=\"lazy\" title=\"PL90\" src=\"\/wp-content\/uploads\/PL90_2023_q.png\" alt=\"PL90\" width=\"300\"\n    height=\"300\" \/>\u00a0<img loading=\"lazy\" title=\"PL100\"\n        src=\"\/wp-content\/uploads\/PL100_2023_q.png\" alt=\"PL100\" width=\"300\"\n        height=\"300\" \/><\/div>\n<div class=\"irudia\"><img loading=\"lazy\" title=\"PL110\" src=\"\/wp-content\/uploads\/PL110_2023_q.png\" alt=\"PL110\" width=\"300\"\n    height=\"300\" \/>\u00a0<img loading=\"lazy\" title=\"PL120\"\n        src=\"\/wp-content\/uploads\/PL120_2023_q.png\" alt=\"PL120\" width=\"300\"\n        height=\"300\" \/><\/div>\n<div class=\"irudia\"><img loading=\"lazy\" title=\"PL130\" src=\"\/wp-content\/uploads\/PL130_2023_q.png\" alt=\"PL130\" width=\"300\"\n    height=\"300\" \/>\u00a0<img loading=\"lazy\" title=\"PL140\"\n        src=\"\/wp-content\/uploads\/PL140_2023_q.png\" alt=\"PL140\" width=\"300\"\n        height=\"300\" \/><\/div>\n<p>Plaquitas de aluminio de 1 mm de espesor con 1 solo agujero para remachar.<\/p>\n<div class=\"table-responsive\">\n<table>\n<colgroup>\n<col width=\"47\" \/>\n<col width=\"69\" \/>\n<col width=\"171\" \/><\/colgroup>\n<tbody>\n<tr>\n<td><b>REF<\/b><\/td>\n<td><b>DIMENSIONS<\/b><\/td>\n<td><b>FIXATION<\/b><\/td>\n<\/tr>\n<tr>\n<td>SPL10<\/td>\n<td>20&#215;12<\/td>\n<td>1 trou\u00a0diam 2,5<\/td>\n<\/tr>\n<tr>\n<td>SPL20<\/td>\n<td>20&#215;20<\/td>\n<td>1 trou\u00a0diam 2,5<\/td>\n<\/tr>\n<tr>\n<td>SPL30<\/td>\n<td>30&#215;12<\/td>\n<td>1 trou\u00a0diam 2,5<\/td>\n<\/tr>\n<tr>\n<td>SPL40<\/td>\n<td>30&#215;15<\/td>\n<td>1 trou\u00a0diam 2,5<\/td>\n<\/tr>\n<tr>\n<td>SPL50<\/td>\n<td>40&#215;15<\/td>\n<td>1 trou\u00a0diam 2,5<\/td>\n<\/tr>\n<tr>\n<td>SPL60<\/td>\n<td>40&#215;25<\/td>\n<td>1 trou\u00a0diam 2,5<\/td>\n<\/tr>\n<\/tbody>\n<\/table>\n<\/div>\n<div class=\"irudia\"><img title=\"spl10\" src=\"\/wp-content\/uploads\/croquis-spl10.png\" alt=\"spl10\" \/>\u00a0<img title=\"spl20\" src=\"\/wp-content\/uploads\/croquis-spl20.png\" alt=\"spl20\" \/><\/div>\n<div class=\"irudia\"><img title=\"spl30\" src=\"\/wp-content\/uploads\/croquis-spl30.png\" alt=\"spl30\" \/>\u00a0<img title=\"spl40\" src=\"\/wp-content\/uploads\/croquis-spl40.png\" alt=\"spl40\" \/><\/div>\n<div class=\"irudia\"><img title=\"spl50\" src=\"\/wp-content\/uploads\/croquis-spl50.png\" alt=\"spl50\" \/>\u00a0<img title=\"spl60\" src=\"\/wp-content\/uploads\/croquis-spl60.png\" alt=\"spl60\" \/><\/div>\n<p>Vous pouvez aussi commander ces \u00e9tiquettes sans trous et avec un adh\u00e9sif double-face. Nous utilisons un adh\u00e9sif de la marque 3M, sp\u00e9cial pour les surfaces peintes textur\u00e9es.<\/p>\n<p>\u00c9tiquettes en gravoply, avec trous ou adh\u00e9sif, en plusieurs dimensions et couleurs.<\/p>","protected":false},"excerpt":{"rendered":"<p>En collaboration avec nos clients, nous avons d\u00e9velopp\u00e9 des \u00e9tiquettes standards. Nous esp\u00e9rons qu&rsquo;elles pourront satisfaire vos besoins. L&rsquo;option standard sera toujours plus \u00e9conomique. \u00c9tiquetage de connecteurs, contacteurs et de divers \u00e9l\u00e9ments. Pour cette signalisation, on utilise de l&rsquo;aluminium de 1 mm d&rsquo;\u00e9paisseur. Les dimensions \u00a0habituellement utilis\u00e9es dans ce segment sont les suivantes: REF. DIMENSIONS [&hellip;]<\/p>\n","protected":false},"author":1,"featured_media":304,"parent":7,"menu_order":2,"comment_status":"closed","ping_status":"closed","template":"","meta":[],"categories":[6],"tags":[],"_links":{"self":[{"href":"https:\/\/telleria.com\/fr\/wp-json\/wp\/v2\/pages\/91"}],"collection":[{"href":"https:\/\/telleria.com\/fr\/wp-json\/wp\/v2\/pages"}],"about":[{"href":"https:\/\/telleria.com\/fr\/wp-json\/wp\/v2\/types\/page"}],"author":[{"embeddable":true,"href":"https:\/\/telleria.com\/fr\/wp-json\/wp\/v2\/users\/1"}],"replies":[{"embeddable":true,"href":"https:\/\/telleria.com\/fr\/wp-json\/wp\/v2\/comments?post=91"}],"version-history":[{"count":69,"href":"https:\/\/telleria.com\/fr\/wp-json\/wp\/v2\/pages\/91\/revisions"}],"predecessor-version":[{"id":1422,"href":"https:\/\/telleria.com\/fr\/wp-json\/wp\/v2\/pages\/91\/revisions\/1422"}],"up":[{"embeddable":true,"href":"https:\/\/telleria.com\/fr\/wp-json\/wp\/v2\/pages\/7"}],"wp:featuredmedia":[{"embeddable":true,"href":"https:\/\/telleria.com\/fr\/wp-json\/wp\/v2\/media\/304"}],"wp:attachment":[{"href":"https:\/\/telleria.com\/fr\/wp-json\/wp\/v2\/media?parent=91"}],"wp:term":[{"taxonomy":"category","embeddable":true,"href":"https:\/\/telleria.com\/fr\/wp-json\/wp\/v2\/categories?post=91"},{"taxonomy":"post_tag","embeddable":true,"href":"https:\/\/telleria.com\/fr\/wp-json\/wp\/v2\/tags?post=91"}],"curies":[{"name":"wp","href":"https:\/\/api.w.org\/{rel}","templated":true}]}}