{"id":89,"date":"2014-11-04T11:55:23","date_gmt":"2014-11-04T10:55:23","guid":{"rendered":"http:\/\/marcajestelleria.cs\/?page_id=89"},"modified":"2016-07-29T14:49:59","modified_gmt":"2016-07-29T13:49:59","slug":"senalizacion-de-grupos-hidraulicos","status":"publish","type":"page","link":"https:\/\/telleria.com\/fr\/etiquetado-estandar\/senalizacion-de-grupos-hidraulicos\/","title":{"rendered":"Signalisation de groupes hydrauliques"},"content":{"rendered":"<p>Vous pouvez voir ici comment un de nos client a signalis\u00e9 un groupe hydraulique.<\/p>\n<div class=\"irudia\"><img title=\"Aplicaci\u00f3n de grupos hidr\u00e1ulicos\" src=\"\/wp-content\/uploads\/aplicacion-grupos-hidraulicos-1.jpg\" alt=\"Imagen de aplicaci\u00f3n de grupos hidr\u00e1ulicos\" \/><\/div>\n<div class=\"irudia\"><img title=\"Aplicaci\u00f3n de grupos hidr\u00e1ulicos\" src=\"\/wp-content\/uploads\/aplicacion-grupos-hidraulicos-2.jpg\" alt=\"Imagen de aplicaci\u00f3n de grupos hidr\u00e1ulicos\" \/><\/div>\n<p>Les groupes hydrauliques sont en g\u00e9n\u00e9ral \u00e9tiquet\u00e9s avec de petites plaques rondes en aluminium, avec un ou deux trous pour les riveter.<\/p>\n<div class=\"table-responsive\">\n<table>\n<colgroup>\n<col width=\"72\" \/>\n<col width=\"61\" \/>\n<col width=\"180\" \/><\/colgroup>\n<tbody>\n<tr>\n<td><b>R\u00c9F\u00c9RENCE<\/b><\/td>\n<td><b>DIAM\u00c8TRE<\/b><\/td>\n<td><b>FIXATION<\/b><\/td>\n<\/tr>\n<tr>\n<td>HID10<\/td>\n<td>\n<p align=\"LEFT\">22<\/p>\n<\/td>\n<td>Un trou\u00a0diam 2,5<\/td>\n<\/tr>\n<tr>\n<td>HID20<\/td>\n<td>\n<p align=\"LEFT\">22<\/p>\n<\/td>\n<td>Dos trous diam 2,5<\/td>\n<\/tr>\n<tr>\n<td>HID30<\/td>\n<td>\n<p align=\"LEFT\">18<\/p>\n<\/td>\n<td>Un trou\u00a0diam 2,5<\/td>\n<\/tr>\n<tr>\n<td>HID40<\/td>\n<td>\n<p align=\"LEFT\">18<\/p>\n<\/td>\n<td>Dos trous\u00a0diam 2,5<\/td>\n<\/tr>\n<\/tbody>\n<\/table>\n<\/div>\n<p><\/p>","protected":false},"excerpt":{"rendered":"<p>Vous pouvez voir ici comment un de nos client a signalis\u00e9 un groupe hydraulique. Les groupes hydrauliques sont en g\u00e9n\u00e9ral \u00e9tiquet\u00e9s avec de petites plaques rondes en aluminium, avec un ou deux trous pour les riveter. R\u00c9F\u00c9RENCE DIAM\u00c8TRE FIXATION HID10 22 Un trou\u00a0diam 2,5 HID20 22 Dos trous diam 2,5 HID30 18 Un trou\u00a0diam 2,5 [&hellip;]<\/p>\n","protected":false},"author":1,"featured_media":279,"parent":7,"menu_order":3,"comment_status":"closed","ping_status":"closed","template":"","meta":[],"categories":[6],"tags":[],"_links":{"self":[{"href":"https:\/\/telleria.com\/fr\/wp-json\/wp\/v2\/pages\/89"}],"collection":[{"href":"https:\/\/telleria.com\/fr\/wp-json\/wp\/v2\/pages"}],"about":[{"href":"https:\/\/telleria.com\/fr\/wp-json\/wp\/v2\/types\/page"}],"author":[{"embeddable":true,"href":"https:\/\/telleria.com\/fr\/wp-json\/wp\/v2\/users\/1"}],"replies":[{"embeddable":true,"href":"https:\/\/telleria.com\/fr\/wp-json\/wp\/v2\/comments?post=89"}],"version-history":[{"count":33,"href":"https:\/\/telleria.com\/fr\/wp-json\/wp\/v2\/pages\/89\/revisions"}],"predecessor-version":[{"id":1281,"href":"https:\/\/telleria.com\/fr\/wp-json\/wp\/v2\/pages\/89\/revisions\/1281"}],"up":[{"embeddable":true,"href":"https:\/\/telleria.com\/fr\/wp-json\/wp\/v2\/pages\/7"}],"wp:featuredmedia":[{"embeddable":true,"href":"https:\/\/telleria.com\/fr\/wp-json\/wp\/v2\/media\/279"}],"wp:attachment":[{"href":"https:\/\/telleria.com\/fr\/wp-json\/wp\/v2\/media?parent=89"}],"wp:term":[{"taxonomy":"category","embeddable":true,"href":"https:\/\/telleria.com\/fr\/wp-json\/wp\/v2\/categories?post=89"},{"taxonomy":"post_tag","embeddable":true,"href":"https:\/\/telleria.com\/fr\/wp-json\/wp\/v2\/tags?post=89"}],"curies":[{"name":"wp","href":"https:\/\/api.w.org\/{rel}","templated":true}]}}