{"id":87,"date":"2014-11-04T11:54:29","date_gmt":"2014-11-04T10:54:29","guid":{"rendered":"http:\/\/marcajestelleria.cs\/?page_id=87"},"modified":"2016-07-29T14:49:01","modified_gmt":"2016-07-29T13:49:01","slug":"pulsadores","status":"publish","type":"page","link":"https:\/\/telleria.com\/fr\/etiquetado-estandar\/pulsadores\/","title":{"rendered":"\u00c9tiquettes pour la signalisation de boutons"},"content":{"rendered":"<p><\/p>\n<h3>PUSH10<\/h3>\n<p>Petite plaque en aluminium universelle.<\/p>\n<div class=\"irudia\"><a href=\"https:\/\/telleria.com\/wp-content\/uploads\/push101.jpg\" rel=\"lightbox[87]\"><img loading=\"lazy\" class=\"alignnone  wp-image-627\" src=\"https:\/\/telleria.com\/wp-content\/uploads\/push101-261x300.jpg\" alt=\"push10\" width=\"217\" height=\"249\" \/><\/a>\u00a0<img title=\"Croquis Push10\" src=\"\/wp-content\/uploads\/push10-croquis.png\" alt=\"Croquis Push10\" \/><\/div>\n<h3>PUSH20<\/h3>\n<p>Petite plaque en aluminium plus courte.<\/p>\n<div class=\"irudia\"><img title=\"Push20\" src=\"\/wp-content\/uploads\/push20.jpg\" alt=\"Push20\" \/>\u00a0<img title=\"Croquis Push20\" src=\"\/wp-content\/uploads\/push20-croquis.png\" alt=\"Croquis Push20\" \/><\/div>\n<h3>PUSH30<\/h3>\n<p>Petite plaque en aluminium plus large pour permettre de repr\u00e9senter les fonctions d&rsquo;un s\u00e9lecteur\u00a0avec plus d&rsquo;aisance.<\/p>\n<div class=\"irudia\"><img title=\"Push30\" src=\"\/wp-content\/uploads\/push30.jpg\" alt=\"Push30\" \/>\u00a0<img title=\"Croquis Push30\" src=\"\/wp-content\/uploads\/push30-croquis.png\" alt=\"Croquis Push30\" \/><\/div>\n<h3>BASE10<\/h3>\n<p>Base porte-\u00e9tiquettes pour bouton t\u00e9l\u00e9m\u00e9canique. La plus utilis\u00e9e dans las construction de machines. On y encastre la petite plaque grav\u00e9e BUT50.<\/p>\n<div class=\"irudia\"><img title=\"base10\" src=\"\/wp-content\/uploads\/base10.jpg\" alt=\"base10\" \/>\u00a0<img title=\"Croquis base10\" src=\"\/wp-content\/uploads\/base10-croquis.png\" alt=\"Croquis base10\" \/><\/div>\n<h3>BASE20<\/h3>\n<p>Base porte-\u00e9tiquettes pour bouton t\u00e9l\u00e9m\u00e9canique, plus courte.\u00a0On y encastre la petite plaque grav\u00e9e BUT30.<\/p>\n<div class=\"irudia\"><img title=\"base20\" src=\"\/wp-content\/uploads\/base20.jpg\" alt=\"base20\" \/>\u00a0<img title=\"Croquis base20\" src=\"\/wp-content\/uploads\/base20-croquis.png\" alt=\"Croquis base20\" \/><\/div>\n<h3>BUT50<\/h3>\n<p>\u00c9tiquettes en plastique pour la BASE1o.<\/p>\n<div class=\"irudia\"><img title=\"but50\" src=\"\/wp-content\/uploads\/but50.jpg\" alt=\"but50\" \/>\u00a0<img title=\"Croquis but50\" src=\"\/wp-content\/uploads\/but50-croquis.png\" alt=\"Croquis but50\" \/><\/div>\n<h3>BUT30<\/h3>\n<p>\u00c9tiquettes en plastique pour la BASE2o.<\/p>\n<p><img title=\"but30\" src=\"\/wp-content\/uploads\/but30.jpg\" alt=\"but30\" \/>\u00a0<img title=\"Croquis but30\" src=\"\/wp-content\/uploads\/but30-croquis.png\" alt=\"Croquis but30\" \/><\/p>\n<h3>\u00c9tiquettes pour porte-\u00e9tiquettes de boutons en plastique.<\/h3>\n<p>Il existe une multitud de fabricants de porte-\u00e9tiquettes sur le march\u00e9. Nous pouvons r\u00e9aliser n&rsquo;importe quel type d&rsquo;\u00e9tiquette quelle que soit la base que vous utilisez :\u00a0Phoenix, Siemens , Kroner Moeller&#8230;<\/p>\n<div class=\"irudia\"><img title=\"Conjunto etiquetas encastrables\" src=\"\/wp-content\/uploads\/conjunto-etiquetas-encastrables.jpg\" alt=\"Conjunto etiquetas encastrables\" \/><\/div>\n<p>Les dimensions habituelles des porte-\u00e9tiquettes qu&rsquo;il y a sur le march\u00e9 sont les suivantes:<\/p>\n<div class=\"table-responsive\">\n<table>\n<colgroup>\n<col width=\"96\" \/>\n<col width=\"97\" \/>\n<col width=\"97\" \/>\n<col width=\"113\" \/><\/colgroup>\n<tbody>\n<tr>\n<td>REF<\/td>\n<td>DIMENSIONS<\/td>\n<td>ADH\u00c9SIF<\/td>\n<td>\u00c9PAISSEUR<\/td>\n<\/tr>\n<tr>\n<td>BUT10<\/td>\n<td>17&#215;15<\/td>\n<td>NON<\/td>\n<td>\n<p align=\"RIGHT\">0,8<\/p>\n<\/td>\n<\/tr>\n<tr>\n<td>BUT20<\/td>\n<td>22&#215;22<\/td>\n<td>OUI<\/td>\n<td>\n<p align=\"RIGHT\">0,8<\/p>\n<\/td>\n<\/tr>\n<tr>\n<td>BUT30<\/td>\n<td>27&#215;8<\/td>\n<td>NON<\/td>\n<td>\n<p align=\"RIGHT\">0,8<\/p>\n<\/td>\n<\/tr>\n<tr>\n<td>BUT40<\/td>\n<td>27&#215;12,5<\/td>\n<td>OUI<\/td>\n<td>\n<p align=\"RIGHT\">0,8<\/p>\n<\/td>\n<\/tr>\n<tr>\n<td>BUT50<\/td>\n<td>27&#215;18<\/td>\n<td>NON<\/td>\n<td>\n<p align=\"RIGHT\">0,8<\/p>\n<\/td>\n<\/tr>\n<tr>\n<td>BUT60<\/td>\n<td>27&#215;15<\/td>\n<td>NON<\/td>\n<td>\n<p align=\"RIGHT\">0,8<\/p>\n<\/td>\n<\/tr>\n<tr>\n<td>BUT70<\/td>\n<td>27&#215;27<\/td>\n<td>OUI<\/td>\n<td>\n<p align=\"RIGHT\">0,8<\/p>\n<\/td>\n<\/tr>\n<tr>\n<td>BUT80<\/td>\n<td>28X17,3<\/td>\n<td>NON<\/td>\n<td>\n<p align=\"RIGHT\">0,5<\/p>\n<\/td>\n<\/tr>\n<tr>\n<td>BUT90<\/td>\n<td>49&#215;15<\/td>\n<td>NON<\/td>\n<td>\n<p align=\"RIGHT\">0,8<\/p>\n<\/td>\n<\/tr>\n<tr>\n<td>BUT100<\/td>\n<td>60&#215;15<\/td>\n<td>NON<\/td>\n<td>\n<p align=\"RIGHT\">0,8<\/p>\n<\/td>\n<\/tr>\n<tr>\n<td>BUT110<\/td>\n<td>60&#215;30<\/td>\n<td>NON<\/td>\n<td>\n<p align=\"RIGHT\">0,8<\/p>\n<\/td>\n<\/tr>\n<tr>\n<td>BUT120<\/td>\n<td>85,6&#215;54<\/td>\n<td>NON<\/td>\n<td>\n<p align=\"RIGHT\">0,8<\/p>\n<\/td>\n<\/tr>\n<\/tbody>\n<\/table>\n<div>\n<h3>Orle\u00a0d&rsquo;urgence<\/h3>\n<p>Les textes les plus habituels sont:\u00a0arr\u00eat de urgence, not aus, emergency stop&#8230;<\/p>\n<div class=\"irudia\"><img title=\"Orla de emergencia\" src=\"\/wp-content\/uploads\/orla-emergencia.jpg\" alt=\"Imagen de orla de emergencia\" \/><\/div>\n<p>Le diam\u00e8tre int\u00e9rieur es de 24mm<\/p>\n<p>Le diam\u00e8tre ext\u00e9rieur est d\u00e9fini par le client:\u00a040, 45, 60&#8230; mm<\/p>\n<p>REF: ORLA<\/p>\n<\/div>\n<\/div>\n<p><\/p>","protected":false},"excerpt":{"rendered":"<p>PUSH10 Petite plaque en aluminium universelle. \u00a0 PUSH20 Petite plaque en aluminium plus courte. \u00a0 PUSH30 Petite plaque en aluminium plus large pour permettre de repr\u00e9senter les fonctions d&rsquo;un s\u00e9lecteur\u00a0avec plus d&rsquo;aisance. \u00a0 BASE10 Base porte-\u00e9tiquettes pour bouton t\u00e9l\u00e9m\u00e9canique. La plus utilis\u00e9e dans las construction de machines. On y encastre la petite plaque grav\u00e9e BUT50. [&hellip;]<\/p>\n","protected":false},"author":1,"featured_media":205,"parent":7,"menu_order":1,"comment_status":"closed","ping_status":"closed","template":"","meta":[],"categories":[6],"tags":[],"_links":{"self":[{"href":"https:\/\/telleria.com\/fr\/wp-json\/wp\/v2\/pages\/87"}],"collection":[{"href":"https:\/\/telleria.com\/fr\/wp-json\/wp\/v2\/pages"}],"about":[{"href":"https:\/\/telleria.com\/fr\/wp-json\/wp\/v2\/types\/page"}],"author":[{"embeddable":true,"href":"https:\/\/telleria.com\/fr\/wp-json\/wp\/v2\/users\/1"}],"replies":[{"embeddable":true,"href":"https:\/\/telleria.com\/fr\/wp-json\/wp\/v2\/comments?post=87"}],"version-history":[{"count":63,"href":"https:\/\/telleria.com\/fr\/wp-json\/wp\/v2\/pages\/87\/revisions"}],"predecessor-version":[{"id":1279,"href":"https:\/\/telleria.com\/fr\/wp-json\/wp\/v2\/pages\/87\/revisions\/1279"}],"up":[{"embeddable":true,"href":"https:\/\/telleria.com\/fr\/wp-json\/wp\/v2\/pages\/7"}],"wp:featuredmedia":[{"embeddable":true,"href":"https:\/\/telleria.com\/fr\/wp-json\/wp\/v2\/media\/205"}],"wp:attachment":[{"href":"https:\/\/telleria.com\/fr\/wp-json\/wp\/v2\/media?parent=87"}],"wp:term":[{"taxonomy":"category","embeddable":true,"href":"https:\/\/telleria.com\/fr\/wp-json\/wp\/v2\/categories?post=87"},{"taxonomy":"post_tag","embeddable":true,"href":"https:\/\/telleria.com\/fr\/wp-json\/wp\/v2\/tags?post=87"}],"curies":[{"name":"wp","href":"https:\/\/api.w.org\/{rel}","templated":true}]}}