{"id":71,"date":"2014-06-04T17:26:15","date_gmt":"2014-06-04T16:26:15","guid":{"rendered":"http:\/\/marcajestelleria.cs\/?page_id=71"},"modified":"2016-07-29T14:39:50","modified_gmt":"2016-07-29T13:39:50","slug":"etiqueta-y-caratula-de-policarbonato","status":"publish","type":"page","link":"https:\/\/telleria.com\/fr\/rotulacion-a-medida\/etiqueta-y-caratula-de-policarbonato\/","title":{"rendered":"\u00c9tiquettes en polyester ou en polycarbonate"},"content":{"rendered":"<p>Nous sommes experts en r\u00e9alisation d&rsquo;<strong>\u00e9tiquettes en polycarbonate ou en polyester<\/strong> pour le secteur de l&rsquo;\u00e9lectronique. L&rsquo;unit\u00e9 est la commande minimum. Gr\u00e2ce \u00e0 la manipulation de plusieurs couches d&rsquo;adh\u00e9sif et de plastique, nous obtenons des zones transparentes ou translucides pour LED ou DIAL et plusieurs effets en polycarbonate.<\/p>\n<h2>Car\u00e1tulas de poliester<\/h2>\n<p>\n\t\t<style type=\"text\/css\">\n\t\t\t#gallery-4 {\n\t\t\t\tmargin: auto;\n\t\t\t}\n\t\t\t#gallery-4 .gallery-item {\n\t\t\t\tfloat: left;\n\t\t\t\tmargin-top: 10px;\n\t\t\t\ttext-align: center;\n\t\t\t\twidth: 25%;\n\t\t\t}\n\t\t\t#gallery-4 img {\n\t\t\t\tborder: 2px solid #cfcfcf;\n\t\t\t}\n\t\t\t#gallery-4 .gallery-caption {\n\t\t\t\tmargin-left: 0;\n\t\t\t}\n\t\t\t\/* see gallery_shortcode() in wp-includes\/media.php *\/\n\t\t<\/style>\n\t\t<div id='gallery-4' class='gallery galleryid-71 gallery-columns-4 gallery-size-thumbnail'><dl class='gallery-item'>\n\t\t\t<dt class='gallery-icon landscape'>\n\t\t\t\t<a href='https:\/\/telleria.com\/wp-content\/uploads\/caratula-plastico-1560.jpg' rel=\"lightbox[71]\"><img width=\"150\" height=\"99\" src=\"https:\/\/telleria.com\/wp-content\/uploads\/caratula-plastico-1560.jpg\" class=\"attachment-thumbnail size-thumbnail\" alt=\"\" loading=\"lazy\" aria-describedby=\"gallery-4-412\" \/><\/a>\n\t\t\t<\/dt>\n\t\t\t\t<dd class='wp-caption-text gallery-caption' id='gallery-4-412'>\n\t\t\t\t\u00c9tiquettes en polyester imprim\u00e9es ou s\u00e9rigraphi\u00e9es.\n\t\t\t\t<\/dd><\/dl><dl class='gallery-item'>\n\t\t\t<dt class='gallery-icon landscape'>\n\t\t\t\t<a href='https:\/\/telleria.com\/wp-content\/uploads\/caratula.jpg' rel=\"lightbox[71]\"><img width=\"150\" height=\"110\" src=\"https:\/\/telleria.com\/wp-content\/uploads\/caratula.jpg\" class=\"attachment-thumbnail size-thumbnail\" alt=\"\" loading=\"lazy\" aria-describedby=\"gallery-4-483\" \/><\/a>\n\t\t\t<\/dt>\n\t\t\t\t<dd class='wp-caption-text gallery-caption' id='gallery-4-483'>\n\t\t\t\t\u00c9tiquettes en polyester, imprim\u00e9es ou s\u00e9rigraphi\u00e9es.\n\t\t\t\t<\/dd><\/dl>\n\t\t\t<br style='clear: both' \/>\n\t\t<\/div>\n<\/p>","protected":false},"excerpt":{"rendered":"<p>Nous sommes experts en r\u00e9alisation d&rsquo;\u00e9tiquettes en polycarbonate ou en polyester pour le secteur de l&rsquo;\u00e9lectronique. L&rsquo;unit\u00e9 est la commande minimum. Gr\u00e2ce \u00e0 la manipulation de plusieurs couches d&rsquo;adh\u00e9sif et de plastique, nous obtenons des zones transparentes ou translucides pour LED ou DIAL et plusieurs effets en polycarbonate. Car\u00e1tulas de poliester<\/p>\n","protected":false},"author":1,"featured_media":412,"parent":5,"menu_order":4,"comment_status":"closed","ping_status":"closed","template":"","meta":[],"categories":[4],"tags":[],"_links":{"self":[{"href":"https:\/\/telleria.com\/fr\/wp-json\/wp\/v2\/pages\/71"}],"collection":[{"href":"https:\/\/telleria.com\/fr\/wp-json\/wp\/v2\/pages"}],"about":[{"href":"https:\/\/telleria.com\/fr\/wp-json\/wp\/v2\/types\/page"}],"author":[{"embeddable":true,"href":"https:\/\/telleria.com\/fr\/wp-json\/wp\/v2\/users\/1"}],"replies":[{"embeddable":true,"href":"https:\/\/telleria.com\/fr\/wp-json\/wp\/v2\/comments?post=71"}],"version-history":[{"count":29,"href":"https:\/\/telleria.com\/fr\/wp-json\/wp\/v2\/pages\/71\/revisions"}],"predecessor-version":[{"id":1274,"href":"https:\/\/telleria.com\/fr\/wp-json\/wp\/v2\/pages\/71\/revisions\/1274"}],"up":[{"embeddable":true,"href":"https:\/\/telleria.com\/fr\/wp-json\/wp\/v2\/pages\/5"}],"wp:featuredmedia":[{"embeddable":true,"href":"https:\/\/telleria.com\/fr\/wp-json\/wp\/v2\/media\/412"}],"wp:attachment":[{"href":"https:\/\/telleria.com\/fr\/wp-json\/wp\/v2\/media?parent=71"}],"wp:term":[{"taxonomy":"category","embeddable":true,"href":"https:\/\/telleria.com\/fr\/wp-json\/wp\/v2\/categories?post=71"},{"taxonomy":"post_tag","embeddable":true,"href":"https:\/\/telleria.com\/fr\/wp-json\/wp\/v2\/tags?post=71"}],"curies":[{"name":"wp","href":"https:\/\/api.w.org\/{rel}","templated":true}]}}