{"id":69,"date":"2014-06-06T17:24:22","date_gmt":"2014-06-06T16:24:22","guid":{"rendered":"http:\/\/marcajestelleria.cs\/?page_id=69"},"modified":"2016-07-29T14:43:21","modified_gmt":"2016-07-29T13:43:21","slug":"placas-identificativas","status":"publish","type":"page","link":"https:\/\/telleria.com\/fr\/rotulacion-a-medida\/placas-identificativas\/","title":{"rendered":"Identification plates"},"content":{"rendered":"<p>\u00c0 partir de la documentation du client, que ce soit DWG, DXF ou d&rsquo;un autre format tel que EPS, AI, CDR, nous g\u00e9n\u00e9rons rapidement les programmes pour nos machines.<\/p>\n<p><strong>Synoptiques<\/strong><\/p>\n<p>Synoptiques en aluminium qui repr\u00e9sentent \u00e0 l&rsquo;aide de diagrammes ou de sch\u00e9mas, le fonctionnement d&rsquo;une machine.<\/p>\n\n\t\t<style type=\"text\/css\">\n\t\t\t#gallery-13 {\n\t\t\t\tmargin: auto;\n\t\t\t}\n\t\t\t#gallery-13 .gallery-item {\n\t\t\t\tfloat: left;\n\t\t\t\tmargin-top: 10px;\n\t\t\t\ttext-align: center;\n\t\t\t\twidth: 25%;\n\t\t\t}\n\t\t\t#gallery-13 img {\n\t\t\t\tborder: 2px solid #cfcfcf;\n\t\t\t}\n\t\t\t#gallery-13 .gallery-caption {\n\t\t\t\tmargin-left: 0;\n\t\t\t}\n\t\t\t\/* see gallery_shortcode() in wp-includes\/media.php *\/\n\t\t<\/style>\n\t\t<div id='gallery-13' class='gallery galleryid-69 gallery-columns-4 gallery-size-thumbnail'><dl class='gallery-item'>\n\t\t\t<dt class='gallery-icon portrait'>\n\t\t\t\t<a href='https:\/\/telleria.com\/wp-content\/uploads\/IMG_15531.jpg' rel=\"lightbox[69]\"><img width=\"123\" height=\"150\" src=\"https:\/\/telleria.com\/wp-content\/uploads\/IMG_15531.jpg\" class=\"attachment-thumbnail size-thumbnail\" alt=\"\" loading=\"lazy\" aria-describedby=\"gallery-13-421\" \/><\/a>\n\t\t\t<\/dt>\n\t\t\t\t<dd class='wp-caption-text gallery-caption' id='gallery-13-421'>\n\t\t\t\tdiagramme en couleur\n\t\t\t\t<\/dd><\/dl><dl class='gallery-item'>\n\t\t\t<dt class='gallery-icon landscape'>\n\t\t\t\t<a href='https:\/\/telleria.com\/wp-content\/uploads\/IMG_1552.jpg' rel=\"lightbox[69]\"><img width=\"150\" height=\"110\" src=\"https:\/\/telleria.com\/wp-content\/uploads\/IMG_1552.jpg\" class=\"attachment-thumbnail size-thumbnail\" alt=\"\" loading=\"lazy\" aria-describedby=\"gallery-13-251\" \/><\/a>\n\t\t\t<\/dt>\n\t\t\t\t<dd class='wp-caption-text gallery-caption' id='gallery-13-251'>\n\t\t\t\tSch\u00e9ma pour la maintenance d&rsquo;une machine\n\t\t\t\t<\/dd><\/dl><dl class='gallery-item'>\n\t\t\t<dt class='gallery-icon landscape'>\n\t\t\t\t<a href='https:\/\/telleria.com\/wp-content\/uploads\/IMG_1473.jpg' rel=\"lightbox[69]\"><img width=\"150\" height=\"100\" src=\"https:\/\/telleria.com\/wp-content\/uploads\/IMG_1473.jpg\" class=\"attachment-thumbnail size-thumbnail\" alt=\"\" loading=\"lazy\" aria-describedby=\"gallery-13-250\" \/><\/a>\n\t\t\t<\/dt>\n\t\t\t\t<dd class='wp-caption-text gallery-caption' id='gallery-13-250'>\n\t\t\t\tVoyants d&rsquo;un tableau de bord de bateau\n\t\t\t\t<\/dd><\/dl>\n\t\t\t<br style='clear: both' \/>\n\t\t<\/div>\n\n<h3>\u00a0R\u00e8gles<\/h3>\n<p>Nous r\u00e9alisons des r\u00e8gles en aluminium anodis\u00e9 et en laiton sur mesure.<\/p>\n<p>Nous gravons aussi les r\u00e8gles au laser \u00e0 partir de feuillards en acier inoxydable de 12, 16, 20 et 30 mm de large et de\u00a0n&rsquo;importe quelle longueur.<\/p>\n\n\t\t<style type=\"text\/css\">\n\t\t\t#gallery-14 {\n\t\t\t\tmargin: auto;\n\t\t\t}\n\t\t\t#gallery-14 .gallery-item {\n\t\t\t\tfloat: left;\n\t\t\t\tmargin-top: 10px;\n\t\t\t\ttext-align: center;\n\t\t\t\twidth: 25%;\n\t\t\t}\n\t\t\t#gallery-14 img {\n\t\t\t\tborder: 2px solid #cfcfcf;\n\t\t\t}\n\t\t\t#gallery-14 .gallery-caption {\n\t\t\t\tmargin-left: 0;\n\t\t\t}\n\t\t\t\/* see gallery_shortcode() in wp-includes\/media.php *\/\n\t\t<\/style>\n\t\t<div id='gallery-14' class='gallery galleryid-69 gallery-columns-4 gallery-size-thumbnail'><dl class='gallery-item'>\n\t\t\t<dt class='gallery-icon landscape'>\n\t\t\t\t<a href='https:\/\/telleria.com\/wp-content\/uploads\/IMG_15541.jpg' rel=\"lightbox[69]\"><img width=\"150\" height=\"111\" src=\"https:\/\/telleria.com\/wp-content\/uploads\/IMG_15541.jpg\" class=\"attachment-thumbnail size-thumbnail\" alt=\"\" loading=\"lazy\" aria-describedby=\"gallery-14-422\" \/><\/a>\n\t\t\t<\/dt>\n\t\t\t\t<dd class='wp-caption-text gallery-caption' id='gallery-14-422'>\n\t\t\t\tExemples de r\u00e8gles en diff\u00e9rents mat\u00e9riaux\n\t\t\t\t<\/dd><\/dl>\n\t\t\t<br style='clear: both' \/>\n\t\t<\/div>\n\n<h3>Plaques de caract\u00e9ristiques en acier inoxydable<\/h3>\n<p>Plaques en acier inoxydable grav\u00e9es et peintes.<\/p>\n\n\t\t<style type=\"text\/css\">\n\t\t\t#gallery-15 {\n\t\t\t\tmargin: auto;\n\t\t\t}\n\t\t\t#gallery-15 .gallery-item {\n\t\t\t\tfloat: left;\n\t\t\t\tmargin-top: 10px;\n\t\t\t\ttext-align: center;\n\t\t\t\twidth: 25%;\n\t\t\t}\n\t\t\t#gallery-15 img {\n\t\t\t\tborder: 2px solid #cfcfcf;\n\t\t\t}\n\t\t\t#gallery-15 .gallery-caption {\n\t\t\t\tmargin-left: 0;\n\t\t\t}\n\t\t\t\/* see gallery_shortcode() in wp-includes\/media.php *\/\n\t\t<\/style>\n\t\t<div id='gallery-15' class='gallery galleryid-69 gallery-columns-4 gallery-size-thumbnail'><dl class='gallery-item'>\n\t\t\t<dt class='gallery-icon landscape'>\n\t\t\t\t<a href='https:\/\/telleria.com\/wp-content\/uploads\/IMG_14841.jpg' rel=\"lightbox[69]\"><img width=\"150\" height=\"100\" src=\"https:\/\/telleria.com\/wp-content\/uploads\/IMG_14841.jpg\" class=\"attachment-thumbnail size-thumbnail\" alt=\"\" loading=\"lazy\" aria-describedby=\"gallery-15-450\" \/><\/a>\n\t\t\t<\/dt>\n\t\t\t\t<dd class='wp-caption-text gallery-caption' id='gallery-15-450'>\n\t\t\t\tPlaque en inox grav\u00e9e et peinte\n\t\t\t\t<\/dd><\/dl><dl class='gallery-item'>\n\t\t\t<dt class='gallery-icon landscape'>\n\t\t\t\t<a href='https:\/\/telleria.com\/wp-content\/uploads\/IMG_00731.jpg' rel=\"lightbox[69]\"><img width=\"150\" height=\"111\" src=\"https:\/\/telleria.com\/wp-content\/uploads\/IMG_00731.jpg\" class=\"attachment-thumbnail size-thumbnail\" alt=\"\" loading=\"lazy\" aria-describedby=\"gallery-15-419\" \/><\/a>\n\t\t\t<\/dt>\n\t\t\t\t<dd class='wp-caption-text gallery-caption' id='gallery-15-419'>\n\t\t\t\tPlaque en inox grav\u00e9e et peinte\n\t\t\t\t<\/dd><\/dl>\n\t\t\t<br style='clear: both' \/>\n\t\t<\/div>\n\n<h3>Plaques de caract\u00e9ristiques en aluminium<\/h3>\n<p>Ces plaques peuvent \u00eatre r\u00e9alis\u00e9es sur mesure, remplies avec les toutes les donn\u00e9es en s\u00e9ries unitaires ou sans donn\u00e9es en series plus grandes pour que le client finisse de les remplir en fonction de sa demande.<\/p>\n\n\t\t<style type=\"text\/css\">\n\t\t\t#gallery-16 {\n\t\t\t\tmargin: auto;\n\t\t\t}\n\t\t\t#gallery-16 .gallery-item {\n\t\t\t\tfloat: left;\n\t\t\t\tmargin-top: 10px;\n\t\t\t\ttext-align: center;\n\t\t\t\twidth: 25%;\n\t\t\t}\n\t\t\t#gallery-16 img {\n\t\t\t\tborder: 2px solid #cfcfcf;\n\t\t\t}\n\t\t\t#gallery-16 .gallery-caption {\n\t\t\t\tmargin-left: 0;\n\t\t\t}\n\t\t\t\/* see gallery_shortcode() in wp-includes\/media.php *\/\n\t\t<\/style>\n\t\t<div id='gallery-16' class='gallery galleryid-69 gallery-columns-4 gallery-size-thumbnail'><dl class='gallery-item'>\n\t\t\t<dt class='gallery-icon landscape'>\n\t\t\t\t<a href='https:\/\/telleria.com\/wp-content\/uploads\/IMG_13981.jpg' rel=\"lightbox[69]\"><img width=\"150\" height=\"100\" src=\"https:\/\/telleria.com\/wp-content\/uploads\/IMG_13981.jpg\" class=\"attachment-thumbnail size-thumbnail\" alt=\"\" loading=\"lazy\" aria-describedby=\"gallery-16-420\" \/><\/a>\n\t\t\t<\/dt>\n\t\t\t\t<dd class='wp-caption-text gallery-caption' id='gallery-16-420'>\n\t\t\t\tPlaque de caract\u00e9ristiques en aluminium anodis\u00e9\n\t\t\t\t<\/dd><\/dl><dl class='gallery-item'>\n\t\t\t<dt class='gallery-icon landscape'>\n\t\t\t\t<a href='https:\/\/telleria.com\/wp-content\/uploads\/IMG_1379.jpg' rel=\"lightbox[69]\"><img width=\"150\" height=\"100\" src=\"https:\/\/telleria.com\/wp-content\/uploads\/IMG_1379.jpg\" class=\"attachment-thumbnail size-thumbnail\" alt=\"\" loading=\"lazy\" aria-describedby=\"gallery-16-242\" \/><\/a>\n\t\t\t<\/dt>\n\t\t\t\t<dd class='wp-caption-text gallery-caption' id='gallery-16-242'>\n\t\t\t\tAluminium anodis\u00e9, s\u00e9rigraphi\u00e9 avec des donn\u00e9es et des diagrammes\n\t\t\t\t<\/dd><\/dl><dl class='gallery-item'>\n\t\t\t<dt class='gallery-icon landscape'>\n\t\t\t\t<a href='https:\/\/telleria.com\/wp-content\/uploads\/IMG_1396.jpg' rel=\"lightbox[69]\"><img width=\"150\" height=\"100\" src=\"https:\/\/telleria.com\/wp-content\/uploads\/IMG_1396.jpg\" class=\"attachment-thumbnail size-thumbnail\" alt=\"\" loading=\"lazy\" aria-describedby=\"gallery-16-243\" \/><\/a>\n\t\t\t<\/dt>\n\t\t\t\t<dd class='wp-caption-text gallery-caption' id='gallery-16-243'>\n\t\t\t\tPlaque grav\u00e9e et peinte\n\t\t\t\t<\/dd><\/dl><dl class='gallery-item'>\n\t\t\t<dt class='gallery-icon landscape'>\n\t\t\t\t<a href='https:\/\/telleria.com\/wp-content\/uploads\/IMG_1402.jpg' rel=\"lightbox[69]\"><img width=\"150\" height=\"100\" src=\"https:\/\/telleria.com\/wp-content\/uploads\/IMG_1402.jpg\" class=\"attachment-thumbnail size-thumbnail\" alt=\"\" loading=\"lazy\" aria-describedby=\"gallery-16-246\" \/><\/a>\n\t\t\t<\/dt>\n\t\t\t\t<dd class='wp-caption-text gallery-caption' id='gallery-16-246'>\n\t\t\t\tPlaque qui montre comment faire une op\u00e9ration de maintenance\n\t\t\t\t<\/dd><\/dl><br style=\"clear: both\" \/>\n\t\t<\/div>\n\n<h3><\/h3>\n<h3>\u00c9tiquettes de risque \u00e9lectrique<\/h3>\n<p>\u00c9clair en m\u00e9tal ou en polyester:<\/p>\n<div class=\"irudia\"><img loading=\"lazy\" title=\"Rallo\" src=\"http:\/\/www.marcajestelleria.com\/productos\/placas\/rallo.jpg\" alt=\"Rallo\" width=\"143\" height=\"125\" \/><\/div>\n<table style=\"height: 157px;\" width=\"88\">\n<colgroup>\n<col width=\"71\" \/>\n<col width=\"106\" \/>\n<col width=\"124\" \/><\/colgroup>\n<tbody>\n<tr>\n<td>\n<p align=\"RIGHT\"><b>C\u00d4T\u00c9<\/b><\/p>\n<\/td>\n<td><b>REF. ALUMINIUM<\/b><\/td>\n<td><b>REF. POLYESTER<\/b><\/td>\n<\/tr>\n<tr>\n<td>\n<p align=\"RIGHT\">25<\/p>\n<\/td>\n<td>\n<p align=\"RIGHT\">206<\/p>\n<\/td>\n<td>\n<p align=\"RIGHT\">202<\/p>\n<\/td>\n<\/tr>\n<tr>\n<td>\n<p align=\"RIGHT\">50<\/p>\n<\/td>\n<td>\n<p align=\"RIGHT\">207<\/p>\n<\/td>\n<td>\n<p align=\"RIGHT\">203<\/p>\n<\/td>\n<\/tr>\n<tr>\n<td>\n<p align=\"RIGHT\">100<\/p>\n<\/td>\n<td>\n<p align=\"RIGHT\">208<\/p>\n<\/td>\n<td>\n<p align=\"RIGHT\">204<\/p>\n<\/td>\n<\/tr>\n<tr>\n<td>\n<p align=\"RIGHT\">150<\/p>\n<\/td>\n<td>\n<p align=\"RIGHT\">209<\/p>\n<\/td>\n<td>\n<p align=\"RIGHT\">&#8211;<\/p>\n<\/td>\n<\/tr>\n<tr>\n<td>\n<p align=\"RIGHT\">150<\/p>\n<\/td>\n<td>\n<p align=\"RIGHT\">210<\/p>\n<\/td>\n<td>\n<p align=\"RIGHT\">205<\/p>\n<\/td>\n<\/tr>\n<\/tbody>\n<\/table>\n<h3><\/h3>\n<h3>Plaque de la CE<\/h3>\n<p><img loading=\"lazy\" title=\"Placa de la CE\" src=\"http:\/\/www.marcajestelleria.com\/productos\/placas\/placa-ce.jpg\" alt=\"Placa de la CE\" width=\"140\" height=\"122\" \/><\/p>\n<p>R\u00e9f\u00e9rences et dimensions<\/p>\n<table>\n<tbody>\n<tr>\n<th>REF.<\/th>\n<th>A<\/th>\n<th>B<\/th>\n<\/tr>\n<tr>\n<td>300<\/td>\n<td>50<\/td>\n<td>35<\/td>\n<\/tr>\n<tr>\n<td>301<\/td>\n<td>95<\/td>\n<td>75<\/td>\n<\/tr>\n<tr>\n<td>302<\/td>\n<td>140<\/td>\n<td>100<\/td>\n<\/tr>\n<\/tbody>\n<\/table>\n<div class=\"irudia\"><\/div>\n<p><\/p>","protected":false},"excerpt":{"rendered":"<p>\u00c0 partir de la documentation du client, que ce soit DWG, DXF ou d&rsquo;un autre format tel que EPS, AI, CDR, nous g\u00e9n\u00e9rons rapidement les programmes pour nos machines. Synoptiques Synoptiques en aluminium qui repr\u00e9sentent \u00e0 l&rsquo;aide de diagrammes ou de sch\u00e9mas, le fonctionnement d&rsquo;une machine. \u00a0R\u00e8gles Nous r\u00e9alisons des r\u00e8gles en aluminium anodis\u00e9 et [&hellip;]<\/p>\n","protected":false},"author":1,"featured_media":419,"parent":5,"menu_order":2,"comment_status":"closed","ping_status":"closed","template":"","meta":[],"categories":[4],"tags":[],"_links":{"self":[{"href":"https:\/\/telleria.com\/fr\/wp-json\/wp\/v2\/pages\/69"}],"collection":[{"href":"https:\/\/telleria.com\/fr\/wp-json\/wp\/v2\/pages"}],"about":[{"href":"https:\/\/telleria.com\/fr\/wp-json\/wp\/v2\/types\/page"}],"author":[{"embeddable":true,"href":"https:\/\/telleria.com\/fr\/wp-json\/wp\/v2\/users\/1"}],"replies":[{"embeddable":true,"href":"https:\/\/telleria.com\/fr\/wp-json\/wp\/v2\/comments?post=69"}],"version-history":[{"count":72,"href":"https:\/\/telleria.com\/fr\/wp-json\/wp\/v2\/pages\/69\/revisions"}],"predecessor-version":[{"id":1277,"href":"https:\/\/telleria.com\/fr\/wp-json\/wp\/v2\/pages\/69\/revisions\/1277"}],"up":[{"embeddable":true,"href":"https:\/\/telleria.com\/fr\/wp-json\/wp\/v2\/pages\/5"}],"wp:featuredmedia":[{"embeddable":true,"href":"https:\/\/telleria.com\/fr\/wp-json\/wp\/v2\/media\/419"}],"wp:attachment":[{"href":"https:\/\/telleria.com\/fr\/wp-json\/wp\/v2\/media?parent=69"}],"wp:term":[{"taxonomy":"category","embeddable":true,"href":"https:\/\/telleria.com\/fr\/wp-json\/wp\/v2\/categories?post=69"},{"taxonomy":"post_tag","embeddable":true,"href":"https:\/\/telleria.com\/fr\/wp-json\/wp\/v2\/tags?post=69"}],"curies":[{"name":"wp","href":"https:\/\/api.w.org\/{rel}","templated":true}]}}