{"id":67,"date":"2014-06-07T17:12:28","date_gmt":"2014-06-07T16:12:28","guid":{"rendered":"http:\/\/marcajestelleria.cs\/?page_id=67"},"modified":"2016-07-29T14:42:35","modified_gmt":"2016-07-29T13:42:35","slug":"frontal-electronico-y-panel-de-mando","status":"publish","type":"page","link":"https:\/\/telleria.com\/fr\/rotulacion-a-medida\/frontal-electronico-y-panel-de-mando\/","title":{"rendered":"(Espa\u00f1ol) Frontal electr\u00f3nico y panel de mando"},"content":{"rendered":"<p><\/p>\n<h3>Faces avant\u00a0\u00e9lectriques<\/h3>\n<p>De nos jours, le<strong> panneau de contr\u00f4le<\/strong> n&rsquo;a pas seulement une fonction de support des diff\u00e9rents appareils \u00e9lectriques mais il a\u00a0aussi un r\u00f4le de d\u00e9coration. Nous usinons des planches en aluminium de 0,5 \u00e0 20 mm d&rsquo;\u00e9paisseur, nous sommes experts en pliage, soudage, peinture et nous assemblons des \u00e9l\u00e9ments tels que les joints, les anses, les charni\u00e8res&#8230;<\/p>\n\n\t\t<style type=\"text\/css\">\n\t\t\t#gallery-15 {\n\t\t\t\tmargin: auto;\n\t\t\t}\n\t\t\t#gallery-15 .gallery-item {\n\t\t\t\tfloat: left;\n\t\t\t\tmargin-top: 10px;\n\t\t\t\ttext-align: center;\n\t\t\t\twidth: 25%;\n\t\t\t}\n\t\t\t#gallery-15 img {\n\t\t\t\tborder: 2px solid #cfcfcf;\n\t\t\t}\n\t\t\t#gallery-15 .gallery-caption {\n\t\t\t\tmargin-left: 0;\n\t\t\t}\n\t\t\t\/* see gallery_shortcode() in wp-includes\/media.php *\/\n\t\t<\/style>\n\t\t<div id='gallery-15' class='gallery galleryid-67 gallery-columns-4 gallery-size-thumbnail'><dl class='gallery-item'>\n\t\t\t<dt class='gallery-icon landscape'>\n\t\t\t\t<a href='https:\/\/telleria.com\/wp-content\/uploads\/IMG_1365.jpg' rel=\"lightbox[67]\"><img width=\"150\" height=\"100\" src=\"https:\/\/telleria.com\/wp-content\/uploads\/IMG_1365.jpg\" class=\"attachment-thumbnail size-thumbnail\" alt=\"\" loading=\"lazy\" aria-describedby=\"gallery-15-222\" \/><\/a>\n\t\t\t<\/dt>\n\t\t\t\t<dd class='wp-caption-text gallery-caption' id='gallery-15-222'>\n\t\t\t\tPanneau en aluminium anodis\u00e9 de 3 mm d\u2019\u00e9paisseur.\n\t\t\t\t<\/dd><\/dl><dl class='gallery-item'>\n\t\t\t<dt class='gallery-icon landscape'>\n\t\t\t\t<a href='https:\/\/telleria.com\/wp-content\/uploads\/IMG_1380.jpg' rel=\"lightbox[67]\"><img width=\"150\" height=\"100\" src=\"https:\/\/telleria.com\/wp-content\/uploads\/IMG_1380.jpg\" class=\"attachment-thumbnail size-thumbnail\" alt=\"\" loading=\"lazy\" aria-describedby=\"gallery-15-223\" \/><\/a>\n\t\t\t<\/dt>\n\t\t\t\t<dd class='wp-caption-text gallery-caption' id='gallery-15-223'>\n\t\t\t\tPanneau en aluminium anodis\u00e9 simple.\n\t\t\t\t<\/dd><\/dl><dl class='gallery-item'>\n\t\t\t<dt class='gallery-icon landscape'>\n\t\t\t\t<a href='https:\/\/telleria.com\/wp-content\/uploads\/IMG_1354.jpg' rel=\"lightbox[67]\"><img width=\"150\" height=\"100\" src=\"https:\/\/telleria.com\/wp-content\/uploads\/IMG_1354.jpg\" class=\"attachment-thumbnail size-thumbnail\" alt=\"\" loading=\"lazy\" aria-describedby=\"gallery-15-231\" \/><\/a>\n\t\t\t<\/dt>\n\t\t\t\t<dd class='wp-caption-text gallery-caption' id='gallery-15-231'>\n\t\t\t\tPanneau en aluminium peint, avec plusieurs supports et \u00e9l\u00e9ments riv\u00e9s ou soud\u00e9s\n\t\t\t\t<\/dd><\/dl><dl class='gallery-item'>\n\t\t\t<dt class='gallery-icon portrait'>\n\t\t\t\t<a href='https:\/\/telleria.com\/wp-content\/uploads\/panel-electrico-062.jpg' rel=\"lightbox[67]\"><img width=\"141\" height=\"150\" src=\"https:\/\/telleria.com\/wp-content\/uploads\/panel-electrico-062.jpg\" class=\"attachment-thumbnail size-thumbnail\" alt=\"\" loading=\"lazy\" aria-describedby=\"gallery-15-415\" \/><\/a>\n\t\t\t<\/dt>\n\t\t\t\t<dd class='wp-caption-text gallery-caption' id='gallery-15-415'>\n\t\t\t\tPanneau en aluminium de 4 mm d\u2019\u00e9paisseur, anodis\u00e9, pli\u00e9 avec rayon, avec plusieurs soudures et des abaissements m\u00e9canis\u00e9s.\n\t\t\t\t<\/dd><\/dl><br style=\"clear: both\" \/><dl class='gallery-item'>\n\t\t\t<dt class='gallery-icon landscape'>\n\t\t\t\t<a href='https:\/\/telleria.com\/wp-content\/uploads\/IMG_1542.jpg' rel=\"lightbox[67]\"><img width=\"150\" height=\"136\" src=\"https:\/\/telleria.com\/wp-content\/uploads\/IMG_1542.jpg\" class=\"attachment-thumbnail size-thumbnail\" alt=\"\" loading=\"lazy\" aria-describedby=\"gallery-15-234\" \/><\/a>\n\t\t\t<\/dt>\n\t\t\t\t<dd class='wp-caption-text gallery-caption' id='gallery-15-234'>\n\t\t\t\tCombinaison d\u2019une bo\u00eete en fer peinte avec un m\u00e9thacrylate s\u00e9rigraphi\u00e9.\n\t\t\t\t<\/dd><\/dl><dl class='gallery-item'>\n\t\t\t<dt class='gallery-icon landscape'>\n\t\t\t\t<a href='https:\/\/telleria.com\/wp-content\/uploads\/IMG_1469.jpg' rel=\"lightbox[67]\"><img width=\"150\" height=\"100\" src=\"https:\/\/telleria.com\/wp-content\/uploads\/IMG_1469.jpg\" class=\"attachment-thumbnail size-thumbnail\" alt=\"\" loading=\"lazy\" aria-describedby=\"gallery-15-233\" \/><\/a>\n\t\t\t<\/dt>\n\t\t\t\t<dd class='wp-caption-text gallery-caption' id='gallery-15-233'>\n\t\t\t\tD\u00e9tail d\u2019un panneau avec des gravures photo-luminescentes et un cache avec une charni\u00e8re.\n\t\t\t\t<\/dd><\/dl><dl class='gallery-item'>\n\t\t\t<dt class='gallery-icon landscape'>\n\t\t\t\t<a href='https:\/\/telleria.com\/wp-content\/uploads\/IMG_1368.jpg' rel=\"lightbox[67]\"><img width=\"150\" height=\"100\" src=\"https:\/\/telleria.com\/wp-content\/uploads\/IMG_1368.jpg\" class=\"attachment-thumbnail size-thumbnail\" alt=\"\" loading=\"lazy\" aria-describedby=\"gallery-15-232\" \/><\/a>\n\t\t\t<\/dt>\n\t\t\t\t<dd class='wp-caption-text gallery-caption' id='gallery-15-232'>\n\t\t\t\tPanneau peint avec une texture fine.\n\t\t\t\t<\/dd><\/dl>\n\t\t\t<br style='clear: both' \/>\n\t\t<\/div>\n\n<h3>\u00a0Faces avant\u00a0\u00e9lectroniques<\/h3>\n<p>Pour r\u00e9aliser une <strong>face avant \u00e9lectronique<\/strong>, nous disposons d&rsquo;un large stock de composants pour assembler des boulons, des supports de cartes \u00e9lectroniques, des anses&#8230; \u00c0 partir d&rsquo;une planche en aluminium anodis\u00e9e ou \u00ab\u00a0alodine\u00a0\u00bb, nous fabriquons des plaques de mod\u00e8les diff\u00e9rents. L&rsquo;unit\u00e9 est la commande minimum.<\/p>\n\n\t\t<style type=\"text\/css\">\n\t\t\t#gallery-16 {\n\t\t\t\tmargin: auto;\n\t\t\t}\n\t\t\t#gallery-16 .gallery-item {\n\t\t\t\tfloat: left;\n\t\t\t\tmargin-top: 10px;\n\t\t\t\ttext-align: center;\n\t\t\t\twidth: 25%;\n\t\t\t}\n\t\t\t#gallery-16 img {\n\t\t\t\tborder: 2px solid #cfcfcf;\n\t\t\t}\n\t\t\t#gallery-16 .gallery-caption {\n\t\t\t\tmargin-left: 0;\n\t\t\t}\n\t\t\t\/* see gallery_shortcode() in wp-includes\/media.php *\/\n\t\t<\/style>\n\t\t<div id='gallery-16' class='gallery galleryid-67 gallery-columns-4 gallery-size-thumbnail'><dl class='gallery-item'>\n\t\t\t<dt class='gallery-icon portrait'>\n\t\t\t\t<a href='https:\/\/telleria.com\/wp-content\/uploads\/frontal-electronico-1590.jpg' rel=\"lightbox[67]\"><img width=\"136\" height=\"150\" src=\"https:\/\/telleria.com\/wp-content\/uploads\/frontal-electronico-1590.jpg\" class=\"attachment-thumbnail size-thumbnail\" alt=\"\" loading=\"lazy\" aria-describedby=\"gallery-16-414\" \/><\/a>\n\t\t\t<\/dt>\n\t\t\t\t<dd class='wp-caption-text gallery-caption' id='gallery-16-414'>\n\t\t\t\tPanneau \u00e9lectronique peint et s\u00e9rigraphi\u00e9.\n\t\t\t\t<\/dd><\/dl><dl class='gallery-item'>\n\t\t\t<dt class='gallery-icon portrait'>\n\t\t\t\t<a href='https:\/\/telleria.com\/wp-content\/uploads\/frontal-electronico-1589.jpg' rel=\"lightbox[67]\"><img width=\"132\" height=\"150\" src=\"https:\/\/telleria.com\/wp-content\/uploads\/frontal-electronico-1589.jpg\" class=\"attachment-thumbnail size-thumbnail\" alt=\"\" loading=\"lazy\" aria-describedby=\"gallery-16-413\" \/><\/a>\n\t\t\t<\/dt>\n\t\t\t\t<dd class='wp-caption-text gallery-caption' id='gallery-16-413'>\n\t\t\t\tPanneau \u00e9lectronique \u00e9meris\u00e9 et s\u00e9rigraphi\u00e9.\n\t\t\t\t<\/dd><\/dl><dl class='gallery-item'>\n\t\t\t<dt class='gallery-icon landscape'>\n\t\t\t\t<a href='https:\/\/telleria.com\/wp-content\/uploads\/IMG_1520.jpg' rel=\"lightbox[67]\"><img width=\"150\" height=\"100\" src=\"https:\/\/telleria.com\/wp-content\/uploads\/IMG_1520.jpg\" class=\"attachment-thumbnail size-thumbnail\" alt=\"\" loading=\"lazy\" aria-describedby=\"gallery-16-228\" \/><\/a>\n\t\t\t<\/dt>\n\t\t\t\t<dd class='wp-caption-text gallery-caption' id='gallery-16-228'>\n\t\t\t\tPanneau \u00e9lectronique utilisant la mati\u00e8re premi\u00e8re standard du fabriquant.\n\t\t\t\t<\/dd><\/dl><dl class='gallery-item'>\n\t\t\t<dt class='gallery-icon landscape'>\n\t\t\t\t<a href='https:\/\/telleria.com\/wp-content\/uploads\/IMG_1517.jpg' rel=\"lightbox[67]\"><img width=\"150\" height=\"100\" src=\"https:\/\/telleria.com\/wp-content\/uploads\/IMG_1517.jpg\" class=\"attachment-thumbnail size-thumbnail\" alt=\"\" loading=\"lazy\" aria-describedby=\"gallery-16-227\" \/><\/a>\n\t\t\t<\/dt>\n\t\t\t\t<dd class='wp-caption-text gallery-caption' id='gallery-16-227'>\n\t\t\t\tNous voyons plusieurs supports de cartes \u00e9lectroniques anodis\u00e9s, usin\u00e9s et s\u00e9rigraphi\u00e9s. Ce type de finition est le plus commun et \u00e9conomique.\n\t\t\t\t<\/dd><\/dl><br style=\"clear: both\" \/><dl class='gallery-item'>\n\t\t\t<dt class='gallery-icon portrait'>\n\t\t\t\t<a href='https:\/\/telleria.com\/wp-content\/uploads\/IMG_1371.jpg' rel=\"lightbox[67]\"><img width=\"100\" height=\"150\" src=\"https:\/\/telleria.com\/wp-content\/uploads\/IMG_1371.jpg\" class=\"attachment-thumbnail size-thumbnail\" alt=\"\" loading=\"lazy\" aria-describedby=\"gallery-16-224\" \/><\/a>\n\t\t\t<\/dt>\n\t\t\t\t<dd class='wp-caption-text gallery-caption' id='gallery-16-224'>\n\t\t\t\tFace avant en aluminium de 5 mm d\u2019\u00e9paisseur \u00e9meris\u00e9, grav\u00e9 et avec assemblage d\u2019une fen\u00eatre avec charni\u00e8re.\n\t\t\t\t<\/dd><\/dl><dl class='gallery-item'>\n\t\t\t<dt class='gallery-icon portrait'>\n\t\t\t\t<a href='https:\/\/telleria.com\/wp-content\/uploads\/IMG_1408.jpg' rel=\"lightbox[67]\"><img width=\"100\" height=\"150\" src=\"https:\/\/telleria.com\/wp-content\/uploads\/IMG_1408.jpg\" class=\"attachment-thumbnail size-thumbnail\" alt=\"\" loading=\"lazy\" aria-describedby=\"gallery-16-225\" \/><\/a>\n\t\t\t<\/dt>\n\t\t\t\t<dd class='wp-caption-text gallery-caption' id='gallery-16-225'>\n\t\t\t\tGrille de haut-parleur.\n\t\t\t\t<\/dd><\/dl><dl class='gallery-item'>\n\t\t\t<dt class='gallery-icon landscape'>\n\t\t\t\t<a href='https:\/\/telleria.com\/wp-content\/uploads\/IMG_1430.jpg' rel=\"lightbox[67]\"><img width=\"150\" height=\"100\" src=\"https:\/\/telleria.com\/wp-content\/uploads\/IMG_1430.jpg\" class=\"attachment-thumbnail size-thumbnail\" alt=\"\" loading=\"lazy\" aria-describedby=\"gallery-16-226\" \/><\/a>\n\t\t\t<\/dt>\n\t\t\t\t<dd class='wp-caption-text gallery-caption' id='gallery-16-226'>\n\t\t\t\tD\u00e9tail du biseau.\n\t\t\t\t<\/dd><\/dl>\n\t\t\t<br style='clear: both' \/>\n\t\t<\/div>\n\n<h3>Faces avants en plastique<\/h3>\n<p>Nous r\u00e9alisons des faces avant en m\u00e9thacrylate et en polycarbonate. Nous utilisons des techniques d&rsquo;impression, de gravure ou de s\u00e9rigraphie en fonction du design du client.<\/p>\n\n\t\t<style type=\"text\/css\">\n\t\t\t#gallery-17 {\n\t\t\t\tmargin: auto;\n\t\t\t}\n\t\t\t#gallery-17 .gallery-item {\n\t\t\t\tfloat: left;\n\t\t\t\tmargin-top: 10px;\n\t\t\t\ttext-align: center;\n\t\t\t\twidth: 25%;\n\t\t\t}\n\t\t\t#gallery-17 img {\n\t\t\t\tborder: 2px solid #cfcfcf;\n\t\t\t}\n\t\t\t#gallery-17 .gallery-caption {\n\t\t\t\tmargin-left: 0;\n\t\t\t}\n\t\t\t\/* see gallery_shortcode() in wp-includes\/media.php *\/\n\t\t<\/style>\n\t\t<div id='gallery-17' class='gallery galleryid-67 gallery-columns-4 gallery-size-thumbnail'><dl class='gallery-item'>\n\t\t\t<dt class='gallery-icon portrait'>\n\t\t\t\t<a href='https:\/\/telleria.com\/wp-content\/uploads\/caratula-plastico-0153.jpg' rel=\"lightbox[67]\"><img width=\"127\" height=\"150\" src=\"https:\/\/telleria.com\/wp-content\/uploads\/caratula-plastico-0153.jpg\" class=\"attachment-thumbnail size-thumbnail\" alt=\"\" loading=\"lazy\" aria-describedby=\"gallery-17-411\" \/><\/a>\n\t\t\t<\/dt>\n\t\t\t\t<dd class='wp-caption-text gallery-caption' id='gallery-17-411'>\n\t\t\t\tFaces avant en m\u00e9thacrylate, polyester ou polycarbonate s\u00e9rigraphi\u00e9es en plusieurs couleurs.\n\t\t\t\t<\/dd><\/dl><dl class='gallery-item'>\n\t\t\t<dt class='gallery-icon landscape'>\n\t\t\t\t<a href='https:\/\/telleria.com\/wp-content\/uploads\/caratula-plastico-0152.jpg' rel=\"lightbox[67]\"><img width=\"150\" height=\"123\" src=\"https:\/\/telleria.com\/wp-content\/uploads\/caratula-plastico-0152.jpg\" class=\"attachment-thumbnail size-thumbnail\" alt=\"\" loading=\"lazy\" aria-describedby=\"gallery-17-410\" \/><\/a>\n\t\t\t<\/dt>\n\t\t\t\t<dd class='wp-caption-text gallery-caption' id='gallery-17-410'>\n\t\t\t\tFaces avant m\u00e9canis\u00e9es et grav\u00e9es en m\u00e9thacrylate ou polycarbonate.\n\t\t\t\t<\/dd><\/dl>\n\t\t\t<br style='clear: both' \/>\n\t\t<\/div>\n\n<h3>Panneaux inoxydables<\/h3>\n<p>Quand l&rsquo;aluminium n&rsquo;offre pas de\u00a0garantie suffisante face aux agents atmosph\u00e9riques, nous r\u00e9alisons des panneaux en acier inoxidable, nous les gravons et peignons ces gravures avec des peintures deux composants ou \u00e0 s\u00e9chage four.<\/p>\n\n\t\t<style type=\"text\/css\">\n\t\t\t#gallery-18 {\n\t\t\t\tmargin: auto;\n\t\t\t}\n\t\t\t#gallery-18 .gallery-item {\n\t\t\t\tfloat: left;\n\t\t\t\tmargin-top: 10px;\n\t\t\t\ttext-align: center;\n\t\t\t\twidth: 25%;\n\t\t\t}\n\t\t\t#gallery-18 img {\n\t\t\t\tborder: 2px solid #cfcfcf;\n\t\t\t}\n\t\t\t#gallery-18 .gallery-caption {\n\t\t\t\tmargin-left: 0;\n\t\t\t}\n\t\t\t\/* see gallery_shortcode() in wp-includes\/media.php *\/\n\t\t<\/style>\n\t\t<div id='gallery-18' class='gallery galleryid-67 gallery-columns-4 gallery-size-thumbnail'><dl class='gallery-item'>\n\t\t\t<dt class='gallery-icon landscape'>\n\t\t\t\t<a href='https:\/\/telleria.com\/wp-content\/uploads\/panel-inoxidable-1415.jpg' rel=\"lightbox[67]\"><img width=\"150\" height=\"100\" src=\"https:\/\/telleria.com\/wp-content\/uploads\/panel-inoxidable-1415.jpg\" class=\"attachment-thumbnail size-thumbnail\" alt=\"\" loading=\"lazy\" aria-describedby=\"gallery-18-417\" \/><\/a>\n\t\t\t<\/dt>\n\t\t\t\t<dd class='wp-caption-text gallery-caption' id='gallery-18-417'>\n\t\t\t\tPanneau grav\u00e9 et peint avec une pi\u00e8ce soud\u00e9e derri\u00e8re.\n\t\t\t\t<\/dd><\/dl><dl class='gallery-item'>\n\t\t\t<dt class='gallery-icon portrait'>\n\t\t\t\t<a href='https:\/\/telleria.com\/wp-content\/uploads\/panel-inoxidable-0068.jpg' rel=\"lightbox[67]\"><img width=\"96\" height=\"150\" src=\"https:\/\/telleria.com\/wp-content\/uploads\/panel-inoxidable-0068.jpg\" class=\"attachment-thumbnail size-thumbnail\" alt=\"\" loading=\"lazy\" aria-describedby=\"gallery-18-416\" \/><\/a>\n\t\t\t<\/dt>\n\t\t\t\t<dd class='wp-caption-text gallery-caption' id='gallery-18-416'>\n\t\t\t\tPanneau en acier inoxydable grav\u00e9 et peint.\n\t\t\t\t<\/dd><\/dl>\n\t\t\t<br style='clear: both' \/>\n\t\t<\/div>\n\n<h3>Bo\u00eetier pli\u00e9<\/h3>\n<p>En collaboration avec le client, nous pouvons proposer plusieurs solutions dans lesquelles nous combinons les techniques de pliage, de gravure et de s\u00e9rigraphie.<\/p>\n\n\t\t<style type=\"text\/css\">\n\t\t\t#gallery-19 {\n\t\t\t\tmargin: auto;\n\t\t\t}\n\t\t\t#gallery-19 .gallery-item {\n\t\t\t\tfloat: left;\n\t\t\t\tmargin-top: 10px;\n\t\t\t\ttext-align: center;\n\t\t\t\twidth: 25%;\n\t\t\t}\n\t\t\t#gallery-19 img {\n\t\t\t\tborder: 2px solid #cfcfcf;\n\t\t\t}\n\t\t\t#gallery-19 .gallery-caption {\n\t\t\t\tmargin-left: 0;\n\t\t\t}\n\t\t\t\/* see gallery_shortcode() in wp-includes\/media.php *\/\n\t\t<\/style>\n\t\t<div id='gallery-19' class='gallery galleryid-67 gallery-columns-4 gallery-size-thumbnail'><dl class='gallery-item'>\n\t\t\t<dt class='gallery-icon landscape'>\n\t\t\t\t<a href='https:\/\/telleria.com\/wp-content\/uploads\/IMG_1336.jpg' rel=\"lightbox[67]\"><img width=\"150\" height=\"100\" src=\"https:\/\/telleria.com\/wp-content\/uploads\/IMG_1336.jpg\" class=\"attachment-thumbnail size-thumbnail\" alt=\"\" loading=\"lazy\" aria-describedby=\"gallery-19-220\" \/><\/a>\n\t\t\t<\/dt>\n\t\t\t\t<dd class='wp-caption-text gallery-caption' id='gallery-19-220'>\n\t\t\t\tBo\u00eetier pli\u00e9 avec face avant en aluminium viss\u00e9e\n\t\t\t\t<\/dd><\/dl><dl class='gallery-item'>\n\t\t\t<dt class='gallery-icon landscape'>\n\t\t\t\t<a href='https:\/\/telleria.com\/wp-content\/uploads\/caja-plegada.jpg' rel=\"lightbox[67]\"><img width=\"150\" height=\"100\" src=\"https:\/\/telleria.com\/wp-content\/uploads\/caja-plegada.jpg\" class=\"attachment-thumbnail size-thumbnail\" alt=\"\" loading=\"lazy\" aria-describedby=\"gallery-19-480\" \/><\/a>\n\t\t\t<\/dt>\n\t\t\t\t<dd class='wp-caption-text gallery-caption' id='gallery-19-480'>\n\t\t\t\tBo\u00eetier compos\u00e9 de 2 \u00e9l\u00e9ments. Le traitement choisi pour cette application est l&rsquo;anodis\u00e9 dure\n\t\t\t\t<\/dd><\/dl>\n\t\t\t<br style='clear: both' \/>\n\t\t<\/div>\n\n<h3><\/h3>\n<p><a href=\"https:\/\/telleria.com\/fr\/sobre-nosotros\/contacto\/\" rel=\"nofollow\">Contactez-nous<\/a>\u00a0pour plus d&rsquo;information sur un <strong>panneau de contr\u00f4le<\/strong> ou une <strong>face avant \u00e9lectronique<\/strong>.<\/p>","protected":false},"excerpt":{"rendered":"<p>Faces avant\u00a0\u00e9lectriques De nos jours, le panneau de contr\u00f4le n&rsquo;a pas seulement une fonction de support des diff\u00e9rents appareils \u00e9lectriques mais il a\u00a0aussi un r\u00f4le de d\u00e9coration. Nous usinons des planches en aluminium de 0,5 \u00e0 20 mm d&rsquo;\u00e9paisseur, nous sommes experts en pliage, soudage, peinture et nous assemblons des \u00e9l\u00e9ments tels que les joints, [&hellip;]<\/p>\n","protected":false},"author":1,"featured_media":415,"parent":5,"menu_order":1,"comment_status":"closed","ping_status":"closed","template":"","meta":[],"categories":[4],"tags":[],"_links":{"self":[{"href":"https:\/\/telleria.com\/fr\/wp-json\/wp\/v2\/pages\/67"}],"collection":[{"href":"https:\/\/telleria.com\/fr\/wp-json\/wp\/v2\/pages"}],"about":[{"href":"https:\/\/telleria.com\/fr\/wp-json\/wp\/v2\/types\/page"}],"author":[{"embeddable":true,"href":"https:\/\/telleria.com\/fr\/wp-json\/wp\/v2\/users\/1"}],"replies":[{"embeddable":true,"href":"https:\/\/telleria.com\/fr\/wp-json\/wp\/v2\/comments?post=67"}],"version-history":[{"count":53,"href":"https:\/\/telleria.com\/fr\/wp-json\/wp\/v2\/pages\/67\/revisions"}],"predecessor-version":[{"id":171,"href":"https:\/\/telleria.com\/fr\/wp-json\/wp\/v2\/pages\/67\/revisions\/171"}],"up":[{"embeddable":true,"href":"https:\/\/telleria.com\/fr\/wp-json\/wp\/v2\/pages\/5"}],"wp:featuredmedia":[{"embeddable":true,"href":"https:\/\/telleria.com\/fr\/wp-json\/wp\/v2\/media\/415"}],"wp:attachment":[{"href":"https:\/\/telleria.com\/fr\/wp-json\/wp\/v2\/media?parent=67"}],"wp:term":[{"taxonomy":"category","embeddable":true,"href":"https:\/\/telleria.com\/fr\/wp-json\/wp\/v2\/categories?post=67"},{"taxonomy":"post_tag","embeddable":true,"href":"https:\/\/telleria.com\/fr\/wp-json\/wp\/v2\/tags?post=67"}],"curies":[{"name":"wp","href":"https:\/\/api.w.org\/{rel}","templated":true}]}}