{"id":57,"date":"2014-06-05T16:43:46","date_gmt":"2014-06-05T15:43:46","guid":{"rendered":"http:\/\/marcajestelleria.cs\/?page_id=57"},"modified":"2016-07-29T14:40:55","modified_gmt":"2016-07-29T13:40:55","slug":"rotulos-y-anagramas","status":"publish","type":"page","link":"https:\/\/telleria.com\/fr\/rotulacion-a-medida\/rotulos-y-anagramas\/","title":{"rendered":"Enseignes et anagrammes"},"content":{"rendered":"<p>Nous r\u00e9alisons diff\u00e9rents types d&rsquo;enseignes qu&rsquo;on peut trouver sur une machine. Enseignes en aluminium anodis\u00e9, grav\u00e9es, s\u00e9rigraphi\u00e9es, lettres corporatives en aluminium et en plastique, et autocollants en vinyle.<\/p>\n<p>Avant d&rsquo;arriver au r\u00e9sultat final, nous r\u00e9alisons plusieurs \u00e9chantillons et essais jusqu&rsquo;\u00e0 trouver une solution que satisfasse le client, que ce soit pour le design comme pour le prix.<\/p>\n<h3>Gravures<\/h3>\n<p>Enseignes en aluminium grav\u00e9es et peintes.<\/p>\n\n\t\t<style type=\"text\/css\">\n\t\t\t#gallery-10 {\n\t\t\t\tmargin: auto;\n\t\t\t}\n\t\t\t#gallery-10 .gallery-item {\n\t\t\t\tfloat: left;\n\t\t\t\tmargin-top: 10px;\n\t\t\t\ttext-align: center;\n\t\t\t\twidth: 25%;\n\t\t\t}\n\t\t\t#gallery-10 img {\n\t\t\t\tborder: 2px solid #cfcfcf;\n\t\t\t}\n\t\t\t#gallery-10 .gallery-caption {\n\t\t\t\tmargin-left: 0;\n\t\t\t}\n\t\t\t\/* see gallery_shortcode() in wp-includes\/media.php *\/\n\t\t<\/style>\n\t\t<div id='gallery-10' class='gallery galleryid-57 gallery-columns-4 gallery-size-thumbnail'><dl class='gallery-item'>\n\t\t\t<dt class='gallery-icon landscape'>\n\t\t\t\t<a href='https:\/\/telleria.com\/wp-content\/uploads\/2014\/06\/rotulo-ibarmia-3.jpg' rel=\"lightbox[57]\"><img width=\"150\" height=\"100\" src=\"https:\/\/telleria.com\/wp-content\/uploads\/2014\/06\/rotulo-ibarmia-3.jpg\" class=\"attachment-thumbnail size-thumbnail\" alt=\"\" loading=\"lazy\" aria-describedby=\"gallery-10-126\" \/><\/a>\n\t\t\t<\/dt>\n\t\t\t\t<dd class='wp-caption-text gallery-caption' id='gallery-10-126'>\n\t\t\t\tPlaque en aluminium pli\u00e9e, grav\u00e9e et peinte.\n\t\t\t\t<\/dd><\/dl><dl class='gallery-item'>\n\t\t\t<dt class='gallery-icon landscape'>\n\t\t\t\t<a href='https:\/\/telleria.com\/wp-content\/uploads\/rotulo-ibarmia-2.jpg' rel=\"lightbox[57]\"><img width=\"150\" height=\"100\" src=\"https:\/\/telleria.com\/wp-content\/uploads\/rotulo-ibarmia-2.jpg\" class=\"attachment-thumbnail size-thumbnail\" alt=\"\" loading=\"lazy\" aria-describedby=\"gallery-10-195\" \/><\/a>\n\t\t\t<\/dt>\n\t\t\t\t<dd class='wp-caption-text gallery-caption' id='gallery-10-195'>\n\t\t\t\tPlaque en aluminium grav\u00e9e et peinte.\n\t\t\t\t<\/dd><\/dl>\n\t\t\t<br style='clear: both' \/>\n\t\t<\/div>\n\n<h3>Lettres corporatives et enseignes en relief<\/h3>\n<p>Nous usinons l&rsquo;aluminium ou le plastique et nous jouons avec plusieurs options de finissions : anodis\u00e9s, imprim\u00e9s, peints&#8230;<\/p>\n\n\t\t<style type=\"text\/css\">\n\t\t\t#gallery-11 {\n\t\t\t\tmargin: auto;\n\t\t\t}\n\t\t\t#gallery-11 .gallery-item {\n\t\t\t\tfloat: left;\n\t\t\t\tmargin-top: 10px;\n\t\t\t\ttext-align: center;\n\t\t\t\twidth: 25%;\n\t\t\t}\n\t\t\t#gallery-11 img {\n\t\t\t\tborder: 2px solid #cfcfcf;\n\t\t\t}\n\t\t\t#gallery-11 .gallery-caption {\n\t\t\t\tmargin-left: 0;\n\t\t\t}\n\t\t\t\/* see gallery_shortcode() in wp-includes\/media.php *\/\n\t\t<\/style>\n\t\t<div id='gallery-11' class='gallery galleryid-57 gallery-columns-4 gallery-size-thumbnail'><dl class='gallery-item'>\n\t\t\t<dt class='gallery-icon landscape'>\n\t\t\t\t<a href='https:\/\/telleria.com\/wp-content\/uploads\/2014\/06\/rotulo-en-relieve-afemsa.jpg' rel=\"lightbox[57]\"><img width=\"150\" height=\"74\" src=\"https:\/\/telleria.com\/wp-content\/uploads\/2014\/06\/rotulo-en-relieve-afemsa.jpg\" class=\"attachment-thumbnail size-thumbnail\" alt=\"\" loading=\"lazy\" aria-describedby=\"gallery-11-132\" \/><\/a>\n\t\t\t<\/dt>\n\t\t\t\t<dd class='wp-caption-text gallery-caption' id='gallery-11-132'>\n\t\t\t\tSimple et attractif. Aluminium d\u00e9coup\u00e9 et anodis\u00e9 avec adh\u00e9sif sur la face arri\u00e8re.\n\t\t\t\t<\/dd><\/dl><dl class='gallery-item'>\n\t\t\t<dt class='gallery-icon landscape'>\n\t\t\t\t<a href='https:\/\/telleria.com\/wp-content\/uploads\/2014\/06\/rotulo-en-relieve-juaristi.jpg' rel=\"lightbox[57]\"><img width=\"150\" height=\"74\" src=\"https:\/\/telleria.com\/wp-content\/uploads\/2014\/06\/rotulo-en-relieve-juaristi.jpg\" class=\"attachment-thumbnail size-thumbnail\" alt=\"\" loading=\"lazy\" aria-describedby=\"gallery-11-131\" \/><\/a>\n\t\t\t<\/dt>\n\t\t\t\t<dd class='wp-caption-text gallery-caption' id='gallery-11-131'>\n\t\t\t\tLettres coll\u00e9es sur de l&rsquo;aluminium anodis\u00e9 rouge.\n\t\t\t\t<\/dd><\/dl><dl class='gallery-item'>\n\t\t\t<dt class='gallery-icon landscape'>\n\t\t\t\t<a href='https:\/\/telleria.com\/wp-content\/uploads\/2014\/06\/rotulo-en-relieve-zayer.jpg' rel=\"lightbox[57]\"><img width=\"150\" height=\"87\" src=\"https:\/\/telleria.com\/wp-content\/uploads\/2014\/06\/rotulo-en-relieve-zayer.jpg\" class=\"attachment-thumbnail size-thumbnail\" alt=\"\" loading=\"lazy\" aria-describedby=\"gallery-11-130\" \/><\/a>\n\t\t\t<\/dt>\n\t\t\t\t<dd class='wp-caption-text gallery-caption' id='gallery-11-130'>\n\t\t\t\tLettres en plastique de 4mm d&rsquo;\u00e9paisseur peintes et avec adh\u00e9sif sur la face arri\u00e8re.\n\t\t\t\t<\/dd><\/dl><dl class='gallery-item'>\n\t\t\t<dt class='gallery-icon landscape'>\n\t\t\t\t<a href='https:\/\/telleria.com\/wp-content\/uploads\/2014\/06\/rotulo-en-relieve-ekin.jpg' rel=\"lightbox[57]\"><img width=\"150\" height=\"91\" src=\"https:\/\/telleria.com\/wp-content\/uploads\/2014\/06\/rotulo-en-relieve-ekin.jpg\" class=\"attachment-thumbnail size-thumbnail\" alt=\"\" loading=\"lazy\" aria-describedby=\"gallery-11-129\" \/><\/a>\n\t\t\t<\/dt>\n\t\t\t\t<dd class='wp-caption-text gallery-caption' id='gallery-11-129'>\n\t\t\t\tCombinaison d&rsquo;aluminium imprim\u00e9 et pli\u00e9, avec des lettres d\u00e9coup\u00e9es et coll\u00e9es.\n\t\t\t\t<\/dd><\/dl><br style=\"clear: both\" \/>\n\t\t<\/div>\n\n<h3>Autocollants en vinyle<\/h3>\n<p>Autocollants en vinyle d\u00e9coup\u00e9 ou imprim\u00e9.<\/p>\n<p>\n\t\t<style type=\"text\/css\">\n\t\t\t#gallery-12 {\n\t\t\t\tmargin: auto;\n\t\t\t}\n\t\t\t#gallery-12 .gallery-item {\n\t\t\t\tfloat: left;\n\t\t\t\tmargin-top: 10px;\n\t\t\t\ttext-align: center;\n\t\t\t\twidth: 25%;\n\t\t\t}\n\t\t\t#gallery-12 img {\n\t\t\t\tborder: 2px solid #cfcfcf;\n\t\t\t}\n\t\t\t#gallery-12 .gallery-caption {\n\t\t\t\tmargin-left: 0;\n\t\t\t}\n\t\t\t\/* see gallery_shortcode() in wp-includes\/media.php *\/\n\t\t<\/style>\n\t\t<div id='gallery-12' class='gallery galleryid-57 gallery-columns-4 gallery-size-thumbnail'><dl class='gallery-item'>\n\t\t\t<dt class='gallery-icon landscape'>\n\t\t\t\t<a href='https:\/\/telleria.com\/wp-content\/uploads\/vinilo.jpg' rel=\"lightbox[57]\"><img width=\"150\" height=\"100\" src=\"https:\/\/telleria.com\/wp-content\/uploads\/vinilo.jpg\" class=\"attachment-thumbnail size-thumbnail\" alt=\"\" loading=\"lazy\" aria-describedby=\"gallery-12-328\" \/><\/a>\n\t\t\t<\/dt>\n\t\t\t\t<dd class='wp-caption-text gallery-caption' id='gallery-12-328'>\n\t\t\t\tAutocollants en vinyle d\u00e9coup\u00e9 pour signalisation des machines.\n\t\t\t\t<\/dd><\/dl>\n\t\t\t<br style='clear: both' \/>\n\t\t<\/div>\n<\/p>","protected":false},"excerpt":{"rendered":"<p>Nous r\u00e9alisons diff\u00e9rents types d&rsquo;enseignes qu&rsquo;on peut trouver sur une machine. Enseignes en aluminium anodis\u00e9, grav\u00e9es, s\u00e9rigraphi\u00e9es, lettres corporatives en aluminium et en plastique, et autocollants en vinyle. Avant d&rsquo;arriver au r\u00e9sultat final, nous r\u00e9alisons plusieurs \u00e9chantillons et essais jusqu&rsquo;\u00e0 trouver une solution que satisfasse le client, que ce soit pour le design comme pour [&hellip;]<\/p>\n","protected":false},"author":1,"featured_media":126,"parent":5,"menu_order":3,"comment_status":"closed","ping_status":"closed","template":"","meta":[],"categories":[4],"tags":[],"_links":{"self":[{"href":"https:\/\/telleria.com\/fr\/wp-json\/wp\/v2\/pages\/57"}],"collection":[{"href":"https:\/\/telleria.com\/fr\/wp-json\/wp\/v2\/pages"}],"about":[{"href":"https:\/\/telleria.com\/fr\/wp-json\/wp\/v2\/types\/page"}],"author":[{"embeddable":true,"href":"https:\/\/telleria.com\/fr\/wp-json\/wp\/v2\/users\/1"}],"replies":[{"embeddable":true,"href":"https:\/\/telleria.com\/fr\/wp-json\/wp\/v2\/comments?post=57"}],"version-history":[{"count":45,"href":"https:\/\/telleria.com\/fr\/wp-json\/wp\/v2\/pages\/57\/revisions"}],"predecessor-version":[{"id":1275,"href":"https:\/\/telleria.com\/fr\/wp-json\/wp\/v2\/pages\/57\/revisions\/1275"}],"up":[{"embeddable":true,"href":"https:\/\/telleria.com\/fr\/wp-json\/wp\/v2\/pages\/5"}],"wp:featuredmedia":[{"embeddable":true,"href":"https:\/\/telleria.com\/fr\/wp-json\/wp\/v2\/media\/126"}],"wp:attachment":[{"href":"https:\/\/telleria.com\/fr\/wp-json\/wp\/v2\/media?parent=57"}],"wp:term":[{"taxonomy":"category","embeddable":true,"href":"https:\/\/telleria.com\/fr\/wp-json\/wp\/v2\/categories?post=57"},{"taxonomy":"post_tag","embeddable":true,"href":"https:\/\/telleria.com\/fr\/wp-json\/wp\/v2\/tags?post=57"}],"curies":[{"name":"wp","href":"https:\/\/api.w.org\/{rel}","templated":true}]}}