{"id":505,"date":"2014-02-26T09:20:39","date_gmt":"2014-02-26T08:20:39","guid":{"rendered":"https:\/\/telleria.com\/?page_id=505"},"modified":"2016-07-29T14:39:24","modified_gmt":"2016-07-29T13:39:24","slug":"etiquetas-laser","status":"publish","type":"page","link":"https:\/\/telleria.com\/fr\/rotulacion-a-medida\/etiquetas-laser\/","title":{"rendered":"\u00c9tiquettes laser"},"content":{"rendered":"<p>Gr\u00e2ce au laser, nous r\u00e9alisons des \u00e9tiquettes adh\u00e9sives qui peuvent supporter 300\u00bac et sont inviolables. C&rsquo;est une solution \ufffd\ufffdconomique et de garantie pour les endroits o\u00f9 l&rsquo;on ne veut pas river une \u00e9tiquette en aluminium.<\/p>\n<p>Disponibles en 2 coloris: gris et noir.<\/p>\n<p>\n\t\t<style type=\"text\/css\">\n\t\t\t#gallery-4 {\n\t\t\t\tmargin: auto;\n\t\t\t}\n\t\t\t#gallery-4 .gallery-item {\n\t\t\t\tfloat: left;\n\t\t\t\tmargin-top: 10px;\n\t\t\t\ttext-align: center;\n\t\t\t\twidth: 25%;\n\t\t\t}\n\t\t\t#gallery-4 img {\n\t\t\t\tborder: 2px solid #cfcfcf;\n\t\t\t}\n\t\t\t#gallery-4 .gallery-caption {\n\t\t\t\tmargin-left: 0;\n\t\t\t}\n\t\t\t\/* see gallery_shortcode() in wp-includes\/media.php *\/\n\t\t<\/style>\n\t\t<div id='gallery-4' class='gallery galleryid-505 gallery-columns-4 gallery-size-thumbnail'><dl class='gallery-item'>\n\t\t\t<dt class='gallery-icon landscape'>\n\t\t\t\t<a href='https:\/\/telleria.com\/wp-content\/uploads\/IMG_15581.jpg' rel=\"lightbox[505]\"><img width=\"150\" height=\"114\" src=\"https:\/\/telleria.com\/wp-content\/uploads\/IMG_15581.jpg\" class=\"attachment-thumbnail size-thumbnail\" alt=\"\" loading=\"lazy\" aria-describedby=\"gallery-4-424\" \/><\/a>\n\t\t\t<\/dt>\n\t\t\t\t<dd class='wp-caption-text gallery-caption' id='gallery-4-424'>\n\t\t\t\t\u00c9tiquette laser grise.\n\t\t\t\t<\/dd><\/dl><dl class='gallery-item'>\n\t\t\t<dt class='gallery-icon landscape'>\n\t\t\t\t<a href='https:\/\/telleria.com\/wp-content\/uploads\/IMG_15561.jpg' rel=\"lightbox[505]\"><img width=\"150\" height=\"116\" src=\"https:\/\/telleria.com\/wp-content\/uploads\/IMG_15561.jpg\" class=\"attachment-thumbnail size-thumbnail\" alt=\"\" loading=\"lazy\" aria-describedby=\"gallery-4-423\" \/><\/a>\n\t\t\t<\/dt>\n\t\t\t\t<dd class='wp-caption-text gallery-caption' id='gallery-4-423'>\n\t\t\t\t\u00c9tiquette laser noire.\n\t\t\t\t<\/dd><\/dl>\n\t\t\t<br style='clear: both' \/>\n\t\t<\/div>\n<\/p>","protected":false},"excerpt":{"rendered":"<p>Gr\u00e2ce au laser, nous r\u00e9alisons des \u00e9tiquettes adh\u00e9sives qui peuvent supporter 300\u00bac et sont inviolables. C&rsquo;est une solution \ufffd\ufffdconomique et de garantie pour les endroits o\u00f9 l&rsquo;on ne veut pas river une \u00e9tiquette en aluminium. Disponibles en 2 coloris: gris et noir.<\/p>\n","protected":false},"author":1,"featured_media":423,"parent":5,"menu_order":5,"comment_status":"closed","ping_status":"closed","template":"","meta":[],"categories":[4],"tags":[],"_links":{"self":[{"href":"https:\/\/telleria.com\/fr\/wp-json\/wp\/v2\/pages\/505"}],"collection":[{"href":"https:\/\/telleria.com\/fr\/wp-json\/wp\/v2\/pages"}],"about":[{"href":"https:\/\/telleria.com\/fr\/wp-json\/wp\/v2\/types\/page"}],"author":[{"embeddable":true,"href":"https:\/\/telleria.com\/fr\/wp-json\/wp\/v2\/users\/1"}],"replies":[{"embeddable":true,"href":"https:\/\/telleria.com\/fr\/wp-json\/wp\/v2\/comments?post=505"}],"version-history":[{"count":35,"href":"https:\/\/telleria.com\/fr\/wp-json\/wp\/v2\/pages\/505\/revisions"}],"predecessor-version":[{"id":1273,"href":"https:\/\/telleria.com\/fr\/wp-json\/wp\/v2\/pages\/505\/revisions\/1273"}],"up":[{"embeddable":true,"href":"https:\/\/telleria.com\/fr\/wp-json\/wp\/v2\/pages\/5"}],"wp:featuredmedia":[{"embeddable":true,"href":"https:\/\/telleria.com\/fr\/wp-json\/wp\/v2\/media\/423"}],"wp:attachment":[{"href":"https:\/\/telleria.com\/fr\/wp-json\/wp\/v2\/media?parent=505"}],"wp:term":[{"taxonomy":"category","embeddable":true,"href":"https:\/\/telleria.com\/fr\/wp-json\/wp\/v2\/categories?post=505"},{"taxonomy":"post_tag","embeddable":true,"href":"https:\/\/telleria.com\/fr\/wp-json\/wp\/v2\/tags?post=505"}],"curies":[{"name":"wp","href":"https:\/\/api.w.org\/{rel}","templated":true}]}}