{"id":351,"date":"2015-01-02T08:26:33","date_gmt":"2015-01-02T07:26:33","guid":{"rendered":"http:\/\/marcajestelleria.korpoweb.com\/?page_id=351"},"modified":"2016-07-29T14:57:24","modified_gmt":"2016-07-29T13:57:24","slug":"grabaciones-de-moldes-y-soldadura","status":"publish","type":"page","link":"https:\/\/telleria.com\/fr\/marcaje-y-mecanizado-de-piezas\/grabaciones-de-moldes-y-soldadura\/","title":{"rendered":"Gravure de moules et soudure"},"content":{"rendered":"<p>Nous utilisons la soudure laser pour remplir les\u00a0d\u00e9fauts ou fissures des moules.<\/p>\n<p>Les mat\u00e9riaux se comportent de diff\u00e9rentes mani\u00e8res en fonction de la composition et de la duret\u00e9. C&rsquo;est pour cela qu&rsquo;il est n\u00e9cessaire\u00a0d&rsquo;indiquer le type de mat\u00e9riau du moule et son traitement. Si on ne le conna\u00eet pas, le client peut indiquer une zone du moule pour y faire un test ou ajouter \u00e0 la commande une pi\u00e8ce avec les m\u00eames caract\u00e9ristiques.<\/p>\n<p>Gr\u00e2ce \u00e0 la technologie laser, nous gravons des moules pour l&rsquo;injection de caoutchouc ou de plastiques avec une profondeur que oscile entre 0,1 et 0,25 mm, selon la requ\u00eate du client. On r\u00e9alise aussi des \u00e9lectrodes en cuivre ou en graphite, avec des profondeurs plus grandes. La cam\u00e9ra de vision nous permet de simuler la gravure sur le moule avant de l&rsquo;ex\u00e9cuter, garantissant ainsi le positionnement correct.<\/p>\n<p><a href=\"https:\/\/telleria.com\/wp-content\/uploads\/IMG_04411.jpg\" rel=\"lightbox[351]\"><img loading=\"lazy\" class=\"alignright wp-image-355 size-medium\" src=\"https:\/\/telleria.com\/wp-content\/uploads\/IMG_04411-200x300.jpg\" alt=\"IMG_0441\" width=\"200\" height=\"300\" \/><\/a><\/p>\n<p>\n\t\t<style type=\"text\/css\">\n\t\t\t#gallery-4 {\n\t\t\t\tmargin: auto;\n\t\t\t}\n\t\t\t#gallery-4 .gallery-item {\n\t\t\t\tfloat: left;\n\t\t\t\tmargin-top: 10px;\n\t\t\t\ttext-align: center;\n\t\t\t\twidth: 25%;\n\t\t\t}\n\t\t\t#gallery-4 img {\n\t\t\t\tborder: 2px solid #cfcfcf;\n\t\t\t}\n\t\t\t#gallery-4 .gallery-caption {\n\t\t\t\tmargin-left: 0;\n\t\t\t}\n\t\t\t\/* see gallery_shortcode() in wp-includes\/media.php *\/\n\t\t<\/style>\n\t\t<div id='gallery-4' class='gallery galleryid-351 gallery-columns-4 gallery-size-thumbnail'><dl class='gallery-item'>\n\t\t\t<dt class='gallery-icon landscape'>\n\t\t\t\t<a href='https:\/\/telleria.com\/fr\/olympus-digital-camera-3\/'><img width=\"150\" height=\"113\" src=\"https:\/\/telleria.com\/wp-content\/uploads\/marcaje_laser_03.jpg\" class=\"attachment-thumbnail size-thumbnail\" alt=\"\" loading=\"lazy\" aria-describedby=\"gallery-4-453\" \/><\/a>\n\t\t\t<\/dt>\n\t\t\t\t<dd class='wp-caption-text gallery-caption' id='gallery-4-453'>\n\t\t\t\tGravure laser d&rsquo;un moule d&rsquo;enjoliveur\n\t\t\t\t<\/dd><\/dl>\n\t\t\t<br style='clear: both' \/>\n\t\t<\/div>\n<\/p>","protected":false},"excerpt":{"rendered":"<p>Nous utilisons la soudure laser pour remplir les\u00a0d\u00e9fauts ou fissures des moules. Les mat\u00e9riaux se comportent de diff\u00e9rentes mani\u00e8res en fonction de la composition et de la duret\u00e9. C&rsquo;est pour cela qu&rsquo;il est n\u00e9cessaire\u00a0d&rsquo;indiquer le type de mat\u00e9riau du moule et son traitement. Si on ne le conna\u00eet pas, le client peut indiquer une zone [&hellip;]<\/p>\n","protected":false},"author":1,"featured_media":355,"parent":9,"menu_order":4,"comment_status":"closed","ping_status":"closed","template":"","meta":[],"categories":[7],"tags":[],"_links":{"self":[{"href":"https:\/\/telleria.com\/fr\/wp-json\/wp\/v2\/pages\/351"}],"collection":[{"href":"https:\/\/telleria.com\/fr\/wp-json\/wp\/v2\/pages"}],"about":[{"href":"https:\/\/telleria.com\/fr\/wp-json\/wp\/v2\/types\/page"}],"author":[{"embeddable":true,"href":"https:\/\/telleria.com\/fr\/wp-json\/wp\/v2\/users\/1"}],"replies":[{"embeddable":true,"href":"https:\/\/telleria.com\/fr\/wp-json\/wp\/v2\/comments?post=351"}],"version-history":[{"count":58,"href":"https:\/\/telleria.com\/fr\/wp-json\/wp\/v2\/pages\/351\/revisions"}],"predecessor-version":[{"id":1287,"href":"https:\/\/telleria.com\/fr\/wp-json\/wp\/v2\/pages\/351\/revisions\/1287"}],"up":[{"embeddable":true,"href":"https:\/\/telleria.com\/fr\/wp-json\/wp\/v2\/pages\/9"}],"wp:featuredmedia":[{"embeddable":true,"href":"https:\/\/telleria.com\/fr\/wp-json\/wp\/v2\/media\/355"}],"wp:attachment":[{"href":"https:\/\/telleria.com\/fr\/wp-json\/wp\/v2\/media?parent=351"}],"wp:term":[{"taxonomy":"category","embeddable":true,"href":"https:\/\/telleria.com\/fr\/wp-json\/wp\/v2\/categories?post=351"},{"taxonomy":"post_tag","embeddable":true,"href":"https:\/\/telleria.com\/fr\/wp-json\/wp\/v2\/tags?post=351"}],"curies":[{"name":"wp","href":"https:\/\/api.w.org\/{rel}","templated":true}]}}