{"id":1299,"date":"2018-03-02T13:27:56","date_gmt":"2018-03-02T12:27:56","guid":{"rendered":"https:\/\/telleria.com\/?page_id=1299"},"modified":"2018-03-02T13:29:47","modified_gmt":"2018-03-02T12:29:47","slug":"politica-de-calidad","status":"publish","type":"page","link":"https:\/\/telleria.com\/fr\/sobre-nosotros\/politica-de-calidad\/","title":{"rendered":"Pol\u00edtica de Calidad"},"content":{"rendered":"<p>TELLERIA empresa especializada en el marcaje y la rotulaci\u00f3n industrial con la voluntad de ofrecer el mejor servicio para sus clientes, ha definido e implantado un Sistema de Gesti\u00f3n de la Calidad, con el compromiso de Satisfacer las necesidades y expectativas de sus partes interesadas mejorando continuamente la eficacia de su Sistema y cumpliendo con los requisitos de nuestros clientes, as\u00ed como con los legales y reglamentarios asociados al producto, otros compromisos espec\u00edficos pertinentes al contexto y los establecidos por la Norma de referencia UNE-EN ISO 9001 .<\/p>\n<p>Ello conlleva:<\/p>\n<ul>\n<li>Promover el uso del enfoque a procesos y el pensamiento basado en riesgos<\/li>\n<li>Recoger y transmitir eficazmente las especificaciones de los clientes.<\/li>\n<li>Ejecutar el trabajo en base a unos procesos est\u00e1ndares definidos.<\/li>\n<li>Asegurar la correcta ejecuci\u00f3n del trabajo en cada fase del mismo, disponiendo en todo momento de sistem\u00e1ticas y de las herramientas de control necesarias.<\/li>\n<li>Fallos y errores servir\u00e1n para determinar y eliminar sus causas, evitando as\u00ed su repetici\u00f3n en el futuro para lo cual se actualizar\u00e1 la documentaci\u00f3n de planos , instrucciones y procesos de manera diligente y en consenso.<\/li>\n<li>Establecer objetivos en torno a calidad y establecer las acciones que aseguren el cumplimiento de los mismos, asignando los recursos necesarios.<\/li>\n<\/ul>\n<p>El cumplimiento de la pol\u00edtica de calidad es uno de los medios para lograr los objetivos de la empresa, acompa\u00f1ando la Estrategia para consolidar el futuro y mejorar la eficiencia.<\/p>\n<p>El \u00e9xito de este permanente desaf\u00edo necesita del compromiso de cada uno de nosotros .La direcci\u00f3n de Telleria se compromete a impulsar todas las acciones y a facilitar todos los medios , para cumplir la Pol\u00edtica y los Objetivos de Calidad marcados , as\u00ed como adecuarlos a la evoluci\u00f3n de la Empresa y del mercado .<\/p>\n<p>I\u00f1igo Igartua<\/p>\n<p>Ene 2018<\/p>\n","protected":false},"excerpt":{"rendered":"<p>TELLERIA empresa especializada en el marcaje y la rotulaci\u00f3n industrial con la voluntad de ofrecer el mejor servicio para sus clientes, ha definido e implantado un Sistema de Gesti\u00f3n de la Calidad, con el compromiso de Satisfacer las necesidades y expectativas de sus partes interesadas mejorando continuamente la eficacia de su Sistema y cumpliendo con [&hellip;]<\/p>\n","protected":false},"author":1,"featured_media":0,"parent":11,"menu_order":0,"comment_status":"closed","ping_status":"closed","template":"","meta":[],"categories":[],"tags":[],"_links":{"self":[{"href":"https:\/\/telleria.com\/fr\/wp-json\/wp\/v2\/pages\/1299"}],"collection":[{"href":"https:\/\/telleria.com\/fr\/wp-json\/wp\/v2\/pages"}],"about":[{"href":"https:\/\/telleria.com\/fr\/wp-json\/wp\/v2\/types\/page"}],"author":[{"embeddable":true,"href":"https:\/\/telleria.com\/fr\/wp-json\/wp\/v2\/users\/1"}],"replies":[{"embeddable":true,"href":"https:\/\/telleria.com\/fr\/wp-json\/wp\/v2\/comments?post=1299"}],"version-history":[{"count":4,"href":"https:\/\/telleria.com\/fr\/wp-json\/wp\/v2\/pages\/1299\/revisions"}],"predecessor-version":[{"id":1303,"href":"https:\/\/telleria.com\/fr\/wp-json\/wp\/v2\/pages\/1299\/revisions\/1303"}],"up":[{"embeddable":true,"href":"https:\/\/telleria.com\/fr\/wp-json\/wp\/v2\/pages\/11"}],"wp:attachment":[{"href":"https:\/\/telleria.com\/fr\/wp-json\/wp\/v2\/media?parent=1299"}],"wp:term":[{"taxonomy":"category","embeddable":true,"href":"https:\/\/telleria.com\/fr\/wp-json\/wp\/v2\/categories?post=1299"},{"taxonomy":"post_tag","embeddable":true,"href":"https:\/\/telleria.com\/fr\/wp-json\/wp\/v2\/tags?post=1299"}],"curies":[{"name":"wp","href":"https:\/\/api.w.org\/{rel}","templated":true}]}}