{"id":11,"date":"2014-05-30T10:45:05","date_gmt":"2014-05-30T09:45:05","guid":{"rendered":"http:\/\/marcajestelleria.cs\/?page_id=11"},"modified":"2023-02-09T13:01:47","modified_gmt":"2023-02-09T12:01:47","slug":"sobre-nosotros","status":"publish","type":"page","link":"https:\/\/telleria.com\/fr\/sobre-nosotros\/","title":{"rendered":"Qui sommes-nous?"},"content":{"rendered":"<p>Marcajes Teller\u00eda est n\u00e9 au sein d&rsquo;une famille de Eibar en 1979 avec l&rsquo;objectif d&rsquo;apporter des solutions de marquage et de signalisation pour la construction de machines. Marcajes Teller\u00eda compte sur 30 ans d&rsquo;exp\u00e9rience pour conseiller professionnellement les clients de mani\u00e8re individuelle, essayant d&rsquo;obtenir toujours le meilleur r\u00e9sultat.<\/p>\n<p>La conviction de devoir apporter des solutions int\u00e9grales aux clients imm\u00e9diatement, a \u00e9t\u00e9 l&rsquo;axe pour l&rsquo;investissement continu dans les derni\u00e8res technologies de notre secteur, ainsi que \u00a0pour le d\u00e9veloppement de l&rsquo;organisation de Marcajes Teller\u00eda.<\/p>\n<h2>Localisation et contact<\/h2>\n<h2><span style=\"font-size: 13px;\">Marcajes Telleria<\/span><\/h2>\n<div id=\"hcard-I\u00f1igo-Igartua\" class=\"vcard\">\n<p>Pol\u00edgono Lerun N\u00ba8 B<br \/>\n<span class=\"postal-code\">20870\u00a0<\/span><span class=\"locality\">Elgoibar &#8211;\u00a0<\/span>(<span class=\"region\">Gipuzkoa<\/span>\u00a0&#8211;\u00a0<span class=\"country-name\">Spain<\/span>)<br \/>\n<a href=\"tel:+34943748311\"><span class=\"phone\">+ 34 943 74 83 11<\/span><\/a><br \/>\n<a class=\"email\" href=\"mailto:telleria@telleria.com\">telleria@telleria.com<\/a><br \/>\n<a href=\"https:\/\/goo.gl\/maps\/LjiXCc7FV2P2\">GoogleMaps<\/a><\/p>\n<\/div>\n<p>Ou utilisez notre\u00a0<a title=\"Contacta con nosotros\" href=\"https:\/\/telleria.com\/sobre-nosotros\/contacto\/\">Formulaire de contact<\/a><\/p>\n<p><iframe loading=\"lazy\" style=\"border: 0;\" src=\"https:\/\/www.google.com\/maps\/embed?pb=!1m18!1m12!1m3!1d23264.98751107421!2d-2.4548426087818154!3d43.2069002148916!2m3!1f0!2f0!3f0!3m2!1i1024!2i768!4f13.1!3m3!1m2!1s0xd51d426b1a71259%3A0x1cda1415d4e67eea!2sMarcajes%20Telleria!5e0!3m2!1seu!2ses!4v1664536237787!5m2!1seu!2ses\" width=\"700\" height=\"480\" allowfullscreen=\"allowfullscreen\"><\/iframe><\/p>","protected":false},"excerpt":{"rendered":"<p>Marcajes Teller\u00eda est n\u00e9 au sein d&rsquo;une famille de Eibar en 1979 avec l&rsquo;objectif d&rsquo;apporter des solutions de marquage et de signalisation pour la construction de machines. Marcajes Teller\u00eda compte sur 30 ans d&rsquo;exp\u00e9rience pour conseiller professionnellement les clients de mani\u00e8re individuelle, essayant d&rsquo;obtenir toujours le meilleur r\u00e9sultat. La conviction de devoir apporter des solutions [&hellip;]<\/p>\n","protected":false},"author":1,"featured_media":0,"parent":0,"menu_order":4,"comment_status":"closed","ping_status":"closed","template":"","meta":[],"categories":[],"tags":[],"_links":{"self":[{"href":"https:\/\/telleria.com\/fr\/wp-json\/wp\/v2\/pages\/11"}],"collection":[{"href":"https:\/\/telleria.com\/fr\/wp-json\/wp\/v2\/pages"}],"about":[{"href":"https:\/\/telleria.com\/fr\/wp-json\/wp\/v2\/types\/page"}],"author":[{"embeddable":true,"href":"https:\/\/telleria.com\/fr\/wp-json\/wp\/v2\/users\/1"}],"replies":[{"embeddable":true,"href":"https:\/\/telleria.com\/fr\/wp-json\/wp\/v2\/comments?post=11"}],"version-history":[{"count":58,"href":"https:\/\/telleria.com\/fr\/wp-json\/wp\/v2\/pages\/11\/revisions"}],"predecessor-version":[{"id":1340,"href":"https:\/\/telleria.com\/fr\/wp-json\/wp\/v2\/pages\/11\/revisions\/1340"}],"wp:attachment":[{"href":"https:\/\/telleria.com\/fr\/wp-json\/wp\/v2\/media?parent=11"}],"wp:term":[{"taxonomy":"category","embeddable":true,"href":"https:\/\/telleria.com\/fr\/wp-json\/wp\/v2\/categories?post=11"},{"taxonomy":"post_tag","embeddable":true,"href":"https:\/\/telleria.com\/fr\/wp-json\/wp\/v2\/tags?post=11"}],"curies":[{"name":"wp","href":"https:\/\/api.w.org\/{rel}","templated":true}]}}