{"id":106,"date":"2014-11-04T12:01:14","date_gmt":"2014-11-04T11:01:14","guid":{"rendered":"http:\/\/marcajestelleria.cs\/?page_id=106"},"modified":"2016-07-29T14:59:32","modified_gmt":"2016-07-29T13:59:32","slug":"secciones-productivas","status":"publish","type":"page","link":"https:\/\/telleria.com\/fr\/sobre-nosotros\/secciones-productivas\/","title":{"rendered":"Sections productives"},"content":{"rendered":"<p>Les sections productives qui sont ici d\u00e9crites, sont un agglom\u00e9rat qui nous permet de r\u00e9pondre \u00e0 n&rsquo;importe quel design sans \u00e0 peine avoir \u00e0 sous-traiter d&rsquo;op\u00e9rations.<\/p>\n<h2 class=\"main-title\">Bureau technique<\/h2>\n<p>Le bureau technique est le centre n\u00e9vralgique de toutes les sections productives. Ici, tous les travaux sont dirig\u00e9s vers la section correspondante. Tous les fichiers de CAD sont traduits de mani\u00e8re casi automatique en langage de la machine. Si vous nous remettez un plan en papier ou en n&rsquo;importe quel support informatique, notre bureau technique le traitera jusqu&rsquo;\u00e0 obtenir le r\u00e9sultat d\u00e9sir\u00e9.<\/p>\n<h2 class=\"main-title\">Gravure laser<\/h2>\n<p><a href=\"https:\/\/telleria.com\/wp-content\/uploads\/IMG_04661.jpg\" rel=\"lightbox[106]\"><img loading=\"lazy\" class=\"alignright size-medium wp-image-393\" src=\"https:\/\/telleria.com\/wp-content\/uploads\/IMG_04661-300x200.jpg\" alt=\"IMG_0466\" width=\"300\" height=\"200\" \/><\/a><\/p>\n<p>Marcajes Telleria travaille avec des d\u00e9lais imm\u00e9diats. Les pi\u00e8ces de nos clients devront rester le moins d&rsquo;heures possibles dans nos installations.<br \/>\nMarcajes Telleria distingue deux types de gravure laser:<\/p>\n<ul>\n<li><strong>Gravure laser superficielle<\/strong>: cette gravure est ind\u00e9l\u00e9bile et anti-vandalique. Nous essayons d&rsquo;obtenir la teinte et la nettet\u00e9 que le client veut en jouant avec le type de laser utilis\u00e9 et les param\u00e8tres. Nous marquons des pi\u00e8ces petites, grandes, plates, cylindriques, coniques&#8230; m\u00e9talliques ou plastiques.<\/li>\n<li><strong>Gravure laser profonde<\/strong>:\u00a0nous gravons en bas et haut relief sur des aciers tremp\u00e9, aciers pr\u00e9-trait\u00e9s, cuivres et graphites pour des secteurs de moules et matrices. Le d\u00e9lai avec ce type de gravures est imm\u00e9diat.<\/li>\n<\/ul>\n<h2 class=\"main-title\">Gravure m\u00e9canique<img loading=\"lazy\" class=\"alignright wp-image-552 size-medium\" src=\"https:\/\/telleria.com\/wp-content\/uploads\/foto32-300x225.jpg\" alt=\"OLYMPUS DIGITAL CAMERA\" width=\"300\" height=\"225\" \/><\/h2>\n<p>Nous disposons de centres de gravure m\u00e9canique. N&rsquo;importe quel dessin que vous fassiez avec un syst\u00e8me de CAD, se repr\u00e9sentera automatiquement sur la surface que vous d\u00e9sirez: aluminium, laiton, plastiques et bois&#8230; Nous obtenons des gravures parfaitement nettes qui ne s&rsquo;effaceront pas au fil des ann\u00e9es. Cette durabilit\u00e9 fait que nos panneaux de commandes et synoptiques resteront inalt\u00e9rables dans des environnements industriels adverses.<\/p>\n<h2 class=\"main-title\">Usinage de l&rsquo;aluminium<\/h2>\n<p>Nous pouvons usiner des planches en aluminium, laiton et plastique de 2000 x 1000 d&rsquo;\u00e9paisseurs diverses. Nous obtenons des pi\u00e8ces totalement finies avec toutes les op\u00e9rations de filetage, de biseau, d&rsquo;arrondissement des bords&#8230; tout ceci au moyen du contr\u00f4le num\u00e9rique.<\/p>\n<h2 class=\"main-title\">Pliage de l&rsquo;aluminium et insertions<\/h2>\n<p><a href=\"https:\/\/telleria.com\/wp-content\/uploads\/IMG_0261.jpg\" rel=\"lightbox[106]\"><img loading=\"lazy\" class=\"alignright wp-image-391 size-medium\" src=\"https:\/\/telleria.com\/wp-content\/uploads\/IMG_0261-300x200.jpg\" alt=\"IMG_0261\" width=\"300\" height=\"200\" \/><\/a><\/p>\n<p>La plieuse avec ses outillages, apporte du volume aux pi\u00e8ces. Apr\u00e8s plusieurs ann\u00e9es d&rsquo;exp\u00e9rience dans le secteur de l&rsquo;\u00e9lectronique, nous offrons la capacit\u00e9 d&rsquo;ex\u00e9cuter de nombreux types de faces-avant r\u00e9alis\u00e9es int\u00e9gralement dans nos installations. Nous disposons en stock d&rsquo;une multitude de boulons, d&rsquo;\u00e9crous, de s\u00e9parateurs, d&rsquo;anses&#8230;<\/p>\n<h2 class=\"main-title\">Cabine de peinture<\/h2>\n<p><a href=\"https:\/\/telleria.com\/wp-content\/uploads\/P7060131.jpg\" rel=\"lightbox[106]\"><img loading=\"lazy\" class=\"alignright wp-image-394 size-medium\" src=\"https:\/\/telleria.com\/wp-content\/uploads\/P7060131-300x225.jpg\" alt=\"OLYMPUS DIGITAL CAMERA\" width=\"300\" height=\"225\" \/><\/a><\/p>\n<p>Nos produits peuvent avoir une finition anodis\u00e9e ou peinte. Nous disposons de peintures \u00e0 s\u00e9chage au four et de deux composants pour assurer une fixation optimale et la durabilit\u00e9 de la peinture. Un travail m\u00e9ticuleux est indispensable pour obtenir une finition superficielle.<\/p>\n<h2 class=\"main-title\">S\u00e9rigraphie<\/h2>\n<p><a href=\"https:\/\/telleria.com\/wp-content\/uploads\/Sin-t\u00edtulo-9.jpg\" rel=\"lightbox[106]\"><img loading=\"lazy\" class=\"alignright wp-image-546 size-medium\" src=\"https:\/\/telleria.com\/wp-content\/uploads\/Sin-t\u00edtulo-9-300x200.jpg\" alt=\"Sin t\u00edtulo-9\" width=\"300\" height=\"200\" \/><\/a><\/p>\n<p>L\u00e0 o\u00f9 la gravure ne permet pas d&rsquo;obtenir\u00a0le design que le client veut \u00e0 cause des estomp\u00e9s ou d&rsquo;une multitude de couleurs, la s\u00e9rigraphie entre en jeu. Nous r\u00e9alisons une s\u00e9rigraphie de tr\u00e8s bonne qualit\u00e9 et duret\u00e9 sur les m\u00e9taux et plastiques.<\/p>","protected":false},"excerpt":{"rendered":"<p>Les sections productives qui sont ici d\u00e9crites, sont un agglom\u00e9rat qui nous permet de r\u00e9pondre \u00e0 n&rsquo;importe quel design sans \u00e0 peine avoir \u00e0 sous-traiter d&rsquo;op\u00e9rations. Bureau technique Le bureau technique est le centre n\u00e9vralgique de toutes les sections productives. Ici, tous les travaux sont dirig\u00e9s vers la section correspondante. Tous les fichiers de CAD [&hellip;]<\/p>\n","protected":false},"author":1,"featured_media":0,"parent":11,"menu_order":1,"comment_status":"closed","ping_status":"closed","template":"","meta":[],"categories":[],"tags":[],"_links":{"self":[{"href":"https:\/\/telleria.com\/fr\/wp-json\/wp\/v2\/pages\/106"}],"collection":[{"href":"https:\/\/telleria.com\/fr\/wp-json\/wp\/v2\/pages"}],"about":[{"href":"https:\/\/telleria.com\/fr\/wp-json\/wp\/v2\/types\/page"}],"author":[{"embeddable":true,"href":"https:\/\/telleria.com\/fr\/wp-json\/wp\/v2\/users\/1"}],"replies":[{"embeddable":true,"href":"https:\/\/telleria.com\/fr\/wp-json\/wp\/v2\/comments?post=106"}],"version-history":[{"count":73,"href":"https:\/\/telleria.com\/fr\/wp-json\/wp\/v2\/pages\/106\/revisions"}],"predecessor-version":[{"id":1290,"href":"https:\/\/telleria.com\/fr\/wp-json\/wp\/v2\/pages\/106\/revisions\/1290"}],"up":[{"embeddable":true,"href":"https:\/\/telleria.com\/fr\/wp-json\/wp\/v2\/pages\/11"}],"wp:attachment":[{"href":"https:\/\/telleria.com\/fr\/wp-json\/wp\/v2\/media?parent=106"}],"wp:term":[{"taxonomy":"category","embeddable":true,"href":"https:\/\/telleria.com\/fr\/wp-json\/wp\/v2\/categories?post=106"},{"taxonomy":"post_tag","embeddable":true,"href":"https:\/\/telleria.com\/fr\/wp-json\/wp\/v2\/tags?post=106"}],"curies":[{"name":"wp","href":"https:\/\/api.w.org\/{rel}","templated":true}]}}