{"id":91,"date":"2014-11-04T11:55:54","date_gmt":"2014-11-04T10:55:54","guid":{"rendered":"http:\/\/marcajestelleria.cs\/?page_id=91"},"modified":"2023-03-10T09:19:07","modified_gmt":"2023-03-10T08:19:07","slug":"senalizacion-de-componentes-electricos","status":"publish","type":"page","link":"https:\/\/telleria.com\/eu\/etiquetado-estandar\/senalizacion-de-componentes-electricos\/","title":{"rendered":"Osagai elektrikoen seinalizazioa"},"content":{"rendered":"<p>Irudi honetan ikusten dituzu osagai elektronikoen seinalizaziorako hainbat aplikazio:<\/p>\n<div class=\"irudia\"><img title=\"Se\u00f1alizaci\u00f3n de componentes el\u00e9ctricos\" src=\"\/wp-content\/uploads\/senalizacion-componentes-electricos-1.jpg\" alt=\"Se\u00f1alizaci\u00f3n de componentes el\u00e9ctricos\" \/><\/div>\n<div class=\"irudia\"><img title=\"Se\u00f1alizaci\u00f3n de componentes el\u00e9ctricos\" src=\"\/wp-content\/uploads\/senalizacion-componentes-electricos-2.jpg\" alt=\"Se\u00f1alizaci\u00f3n de componentes el\u00e9ctricos\" \/><\/div>\n<p>Konektore, kontaktore eta hainbat elementuren seinalizazioa. Elementu hauen seinalizaziorako 1mm-ko lodierako aluminioa erabiltzen da.<\/p>\n<div class=\"irudia\"><img title=\"Conjunto de placas rectangulares\" src=\"\/wp-content\/uploads\/conjunto-placas-rectangulares.jpg\" alt=\"Conjunto de placas rectangulares\" \/><\/div>\n<p>Normalean segmento hauetan erabiltzen diren neurriak hauek dira:<\/p>\n<div  class=\"table-responsive\">\n<table>\n<colgroup>\n<col width=\"55\" \/>\n<col width=\"79\" \/> <\/colgroup>\n<colgroup>\n<col width=\"195\" \/> <\/colgroup>\n<tbody>\n<tr>\n<td><b>REF<\/b>.<\/td>\n<td><b>NEURRIAK<\/b><\/td>\n<td><b>LOTZEKO SISTEMAK<\/b><\/td>\n<\/tr>\n<tr>\n<td>PL10<\/td>\n<td>20&#215;9<\/td>\n<td>2,5 mm-ko bi zulo<\/td>\n<\/tr>\n<tr>\n<td>PL20<\/td>\n<td>30&#215;9<\/td>\n<td>2,5 mm-ko bi zulo<\/td>\n<\/tr>\n<tr>\n<td>PL30<\/td>\n<td>37&#215;9<\/td>\n<td>2,5 mm-ko bi zulo<\/td>\n<\/tr>\n<tr>\n<td>PL40<\/td>\n<td>20&#215;15<\/td>\n<td>2,5 mm-ko bi zulo<\/td>\n<\/tr>\n<tr>\n<td>PL50<\/td>\n<td>30&#215;15<\/td>\n<td>2,5 mm-ko bi zulo<\/td>\n<\/tr>\n<tr>\n<td>PL60<\/td>\n<td>40&#215;15<\/td>\n<td>2,5 mm-ko bi zulo<\/td>\n<\/tr>\n<tr>\n<td>PL70<\/td>\n<td>50&#215;15<\/td>\n<td>2,5 mm-ko bi zulo<\/td>\n<\/tr>\n<tr>\n<td>PL80<\/td>\n<td>55&#215;15<\/td>\n<td>2,5 mm-ko bi zulo<\/td>\n<\/tr>\n<tr>\n<td>PL90<\/td>\n<td>30&#215;20<\/td>\n<td>2,5 mm-ko bi zulo<\/td>\n<\/tr>\n<tr>\n<td>PL100<\/td>\n<td>40&#215;20<\/td>\n<td>2,5 mm-ko bi zulo<\/td>\n<\/tr>\n<tr>\n<td>PL110<\/td>\n<td>50&#215;20<\/td>\n<td>2,5 mm-ko bi zulo<\/td>\n<\/tr>\n<tr>\n<td>PL120<\/td>\n<td>55&#215;20<\/td>\n<td>2,5 mm-ko bi zulo<\/td>\n<\/tr>\n<tr>\n<td>PL130<\/td>\n<td>50&#215;30<\/td>\n<td>2,5 mm-ko bi zulo<\/td>\n<\/tr>\n<tr>\n<td>PL140<\/td>\n<td>55&#215;30<\/td>\n<td>2,5 mm-ko bi zulo<\/td>\n<\/tr>\n<\/tbody>\n<\/table>\n<\/div>\n<div class=\"irudia\"><img loading=\"lazy\" class=\"\" title=\"PL10\" src=\"\/wp-content\/uploads\/PL10_2023_q.png\" alt=\"PL10\" width=\"300\"\n        height=\"300\" \/>\u00a0<img loading=\"lazy\" title=\"PL20\" src=\"\/wp-content\/uploads\/PL20_2023_q.png\" alt=\"PL20\" width=\"300\"\n        height=\"300\" \/><\/div>\n<div class=\"irudia\"><img loading=\"lazy\" title=\"PL30\" src=\"\/wp-content\/uploads\/PL30_2023_q.png\" alt=\"PL30\" width=\"300\"\n    height=\"300\" \/>\u00a0<img loading=\"lazy\" title=\"PL40\"\n        src=\"\/wp-content\/uploads\/PL40_2023_q.png\" alt=\"PL40\" width=\"300\"\n        height=\"300\" \/><\/div>\n<div class=\"irudia\"><img loading=\"lazy\" title=\"PL50\" src=\"\/wp-content\/uploads\/PL50_2023_q.png\" alt=\"PL50\" width=\"300\"\n    height=\"300\" \/>\u00a0<img loading=\"lazy\" title=\"PL60\"\n        src=\"\/wp-content\/uploads\/PL60_2023_q.png\" alt=\"PL60\" width=\"300\"\n        height=\"300\" \/><\/div>\n<div class=\"irudia\"><img loading=\"lazy\" title=\"PL70\" src=\"\/wp-content\/uploads\/PL70_2023_q.png\" alt=\"PL70\" width=\"300\"\n    height=\"300\" \/>\u00a0<img loading=\"lazy\" title=\"PL80\"\n        src=\"\/wp-content\/uploads\/PL80_2023_q.png\" alt=\"PL80\" width=\"300\"\n        height=\"300\" \/><\/div>\n<div class=\"irudia\"><img loading=\"lazy\" title=\"PL90\" src=\"\/wp-content\/uploads\/PL90_2023_q.png\" alt=\"PL90\" width=\"300\"\n    height=\"300\" \/>\u00a0<img loading=\"lazy\" title=\"PL100\"\n        src=\"\/wp-content\/uploads\/PL100_2023_q.png\" alt=\"PL100\" width=\"300\"\n        height=\"300\" \/><\/div>\n<div class=\"irudia\"><img loading=\"lazy\" title=\"PL110\" src=\"\/wp-content\/uploads\/PL110_2023_q.png\" alt=\"PL110\" width=\"300\"\n    height=\"300\" \/>\u00a0<img loading=\"lazy\" title=\"PL120\"\n        src=\"\/wp-content\/uploads\/PL120_2023_q.png\" alt=\"PL120\" width=\"300\"\n        height=\"300\" \/><\/div>\n<div class=\"irudia\"><img loading=\"lazy\" title=\"PL130\" src=\"\/wp-content\/uploads\/PL130_2023_q.png\" alt=\"PL130\" width=\"300\"\n    height=\"300\" \/>\u00a0<img loading=\"lazy\" title=\"PL140\"\n        src=\"\/wp-content\/uploads\/PL140_2023_q.png\" alt=\"PL140\" width=\"300\"\n        height=\"300\" \/><\/div>\n<p>Aluminiozko plakatxoak, 1 mm-ko lodiera eta errematxerako zulo bakarraz.<\/p>\n<div  class=\"table-responsive\">\n<table>\n<colgroup>\n<col width=\"47\" \/>\n<col width=\"69\" \/>\n<col width=\"171\" \/> <\/colgroup>\n<tbody>\n<tr>\n<td><b>REF<\/b><\/td>\n<td><b>NEURRIAK<\/b><\/td>\n<td><b>LOTZEKO MODUAK<\/b><\/td>\n<\/tr>\n<tr>\n<td>SPL10<\/td>\n<td>20&#215;12<\/td>\n<td>2,5 mm-ko zulo 1<\/td>\n<\/tr>\n<tr>\n<td>SPL20<\/td>\n<td>20&#215;20<\/td>\n<td>2,5 mm-ko zulo 1<\/td>\n<\/tr>\n<tr>\n<td>SPL30<\/td>\n<td>30&#215;12<\/td>\n<td>2,5 mm-ko zulo 1<\/td>\n<\/tr>\n<tr>\n<td>SPL40<\/td>\n<td>30&#215;15<\/td>\n<td>2,5 mm-ko zulo 1<\/td>\n<\/tr>\n<tr>\n<td>SPL50<\/td>\n<td>40&#215;15<\/td>\n<td>2,5 mm-ko zulo 1<\/td>\n<\/tr>\n<tr>\n<td>SPL60<\/td>\n<td>40&#215;25<\/td>\n<td>2,5 mm-ko zulo 1<\/td>\n<\/tr>\n<\/tbody>\n<\/table>\n<\/div>\n<div class=\"irudia\"><img title=\"spl10\" src=\"\/wp-content\/uploads\/croquis-spl10.png\" alt=\"spl10\" \/> <img title=\"spl20\" src=\"\/wp-content\/uploads\/croquis-spl20.png\" alt=\"spl20\" \/><\/div>\n<div class=\"irudia\"><img title=\"spl30\" src=\"\/wp-content\/uploads\/croquis-spl30.png\" alt=\"spl30\" \/> <img title=\"spl40\" src=\"\/wp-content\/uploads\/croquis-spl40.png\" alt=\"spl40\" \/><\/div>\n<div class=\"irudia\"><img title=\"spl50\" src=\"\/wp-content\/uploads\/croquis-spl50.png\" alt=\"spl50\" \/> <img title=\"spl60\" src=\"\/wp-content\/uploads\/croquis-spl60.png\" alt=\"spl60\" \/><\/div>\n<p>Plakatxo hauek zulorik gabe eta bi aldetikako itsasgarriarekin eskatu daitezke. Guk 3M-ren itsasgarri bat erabiltzen dugu, margotutako gainazal testurizatuentzat egokia.<\/p>\n<p>Gravoplyzko etiketak, zuloekin edo itsasgarriarekin, hainbat neurri eta koloretan. Zuloekin edo itsasgarriarekin prestatu daitezke.<\/p>\n<p>3M-ren itsasgarritasun altuko etiketak.<\/p>","protected":false},"excerpt":{"rendered":"<p>Irudi honetan ikusten dituzu osagai elektronikoen seinalizaziorako hainbat aplikazio: Konektore, kontaktore eta hainbat elementuren seinalizazioa. Elementu hauen seinalizaziorako 1mm-ko lodierako aluminioa erabiltzen da. Normalean segmento hauetan erabiltzen diren neurriak hauek dira: REF. NEURRIAK LOTZEKO SISTEMAK PL10 20&#215;9 2,5 mm-ko bi zulo PL20 30&#215;9 2,5 mm-ko bi zulo PL30 37&#215;9 2,5 mm-ko bi zulo PL40 20&#215;15 [&hellip;]<\/p>\n","protected":false},"author":1,"featured_media":304,"parent":7,"menu_order":2,"comment_status":"closed","ping_status":"closed","template":"","meta":[],"categories":[6],"tags":[],"_links":{"self":[{"href":"https:\/\/telleria.com\/eu\/wp-json\/wp\/v2\/pages\/91"}],"collection":[{"href":"https:\/\/telleria.com\/eu\/wp-json\/wp\/v2\/pages"}],"about":[{"href":"https:\/\/telleria.com\/eu\/wp-json\/wp\/v2\/types\/page"}],"author":[{"embeddable":true,"href":"https:\/\/telleria.com\/eu\/wp-json\/wp\/v2\/users\/1"}],"replies":[{"embeddable":true,"href":"https:\/\/telleria.com\/eu\/wp-json\/wp\/v2\/comments?post=91"}],"version-history":[{"count":69,"href":"https:\/\/telleria.com\/eu\/wp-json\/wp\/v2\/pages\/91\/revisions"}],"predecessor-version":[{"id":1422,"href":"https:\/\/telleria.com\/eu\/wp-json\/wp\/v2\/pages\/91\/revisions\/1422"}],"up":[{"embeddable":true,"href":"https:\/\/telleria.com\/eu\/wp-json\/wp\/v2\/pages\/7"}],"wp:featuredmedia":[{"embeddable":true,"href":"https:\/\/telleria.com\/eu\/wp-json\/wp\/v2\/media\/304"}],"wp:attachment":[{"href":"https:\/\/telleria.com\/eu\/wp-json\/wp\/v2\/media?parent=91"}],"wp:term":[{"taxonomy":"category","embeddable":true,"href":"https:\/\/telleria.com\/eu\/wp-json\/wp\/v2\/categories?post=91"},{"taxonomy":"post_tag","embeddable":true,"href":"https:\/\/telleria.com\/eu\/wp-json\/wp\/v2\/tags?post=91"}],"curies":[{"name":"wp","href":"https:\/\/api.w.org\/{rel}","templated":true}]}}