{"id":99,"date":"2015-01-22T11:58:11","date_gmt":"2015-01-22T10:58:11","guid":{"rendered":"http:\/\/marcajestelleria.cs\/?page_id=99"},"modified":"2016-07-29T14:54:44","modified_gmt":"2016-07-29T13:54:44","slug":"marcaje-laser","status":"publish","type":"page","link":"https:\/\/telleria.com\/en\/marcaje-y-mecanizado-de-piezas\/marcaje-laser\/","title":{"rendered":"Laser marking"},"content":{"rendered":"<p>We perform marking on several types of metal or plastic parts. We have extensive experience in marking different <a href=\"https:\/\/telleria.com\/wp-content\/uploads\/IMG_0466.jpg\" rel=\"lightbox[99]\"><img loading=\"lazy\" class=\"alignright wp-image-370\" src=\"https:\/\/telleria.com\/wp-content\/uploads\/IMG_0466-1024x682.jpg\" alt=\"IMG_0466\" width=\"350\" height=\"233\" \/><\/a>materials with different treatments, chromed, zinc-plated, painted &#8230; However, the first time a job is tackled, it is recommended to provide an extra part for testing and thus achieve a clear and consistent marking. Alternatively, indicate a place on the piece that will not be visible later so some preliminary testing can be done first.<\/p>\n<div class=\"irudia\"><\/div>\n\n\t\t<style type=\"text\/css\">\n\t\t\t#gallery-3 {\n\t\t\t\tmargin: auto;\n\t\t\t}\n\t\t\t#gallery-3 .gallery-item {\n\t\t\t\tfloat: left;\n\t\t\t\tmargin-top: 10px;\n\t\t\t\ttext-align: center;\n\t\t\t\twidth: 25%;\n\t\t\t}\n\t\t\t#gallery-3 img {\n\t\t\t\tborder: 2px solid #cfcfcf;\n\t\t\t}\n\t\t\t#gallery-3 .gallery-caption {\n\t\t\t\tmargin-left: 0;\n\t\t\t}\n\t\t\t\/* see gallery_shortcode() in wp-includes\/media.php *\/\n\t\t<\/style>\n\t\t<div id='gallery-3' class='gallery galleryid-99 gallery-columns-4 gallery-size-thumbnail'><dl class='gallery-item'>\n\t\t\t<dt class='gallery-icon landscape'>\n\t\t\t\t<a href='https:\/\/telleria.com\/wp-content\/uploads\/laser-lsaer1.jpg' rel=\"lightbox[99]\"><img width=\"150\" height=\"110\" src=\"https:\/\/telleria.com\/wp-content\/uploads\/laser-lsaer1.jpg\" class=\"attachment-thumbnail size-thumbnail\" alt=\"\" loading=\"lazy\" aria-describedby=\"gallery-3-441\" \/><\/a>\n\t\t\t<\/dt>\n\t\t\t\t<dd class='wp-caption-text gallery-caption' id='gallery-3-441'>\n\t\t\t\t(Espa\u00f1ol) Marcaje l\u00e1ser de pieza de inoxidable.\n\t\t\t\t<\/dd><\/dl><dl class='gallery-item'>\n\t\t\t<dt class='gallery-icon landscape'>\n\t\t\t\t<a href='https:\/\/telleria.com\/wp-content\/uploads\/IMG_141811.jpg' rel=\"lightbox[99]\"><img width=\"150\" height=\"100\" src=\"https:\/\/telleria.com\/wp-content\/uploads\/IMG_141811.jpg\" class=\"attachment-thumbnail size-thumbnail\" alt=\"\" loading=\"lazy\" aria-describedby=\"gallery-3-439\" \/><\/a>\n\t\t\t<\/dt>\n\t\t\t\t<dd class='wp-caption-text gallery-caption' id='gallery-3-439'>\n\t\t\t\t(Espa\u00f1ol) Marcaje l\u00e1ser de tapa de pl\u00e1stico.\n\t\t\t\t<\/dd><\/dl><dl class='gallery-item'>\n\t\t\t<dt class='gallery-icon landscape'>\n\t\t\t\t<a href='https:\/\/telleria.com\/wp-content\/uploads\/IMG_00441.jpg' rel=\"lightbox[99]\"><img width=\"150\" height=\"126\" src=\"https:\/\/telleria.com\/wp-content\/uploads\/IMG_00441.jpg\" class=\"attachment-thumbnail size-thumbnail\" alt=\"\" loading=\"lazy\" aria-describedby=\"gallery-3-372\" \/><\/a>\n\t\t\t<\/dt>\n\t\t\t\t<dd class='wp-caption-text gallery-caption' id='gallery-3-372'>\n\t\t\t\t(Espa\u00f1ol) Marcaje l\u00e1ser de nonius conico cromado.\n\t\t\t\t<\/dd><\/dl><dl class='gallery-item'>\n\t\t\t<dt class='gallery-icon landscape'>\n\t\t\t\t<a href='https:\/\/telleria.com\/wp-content\/uploads\/IMG_144811.jpg' rel=\"lightbox[99]\"><img width=\"150\" height=\"100\" src=\"https:\/\/telleria.com\/wp-content\/uploads\/IMG_144811.jpg\" class=\"attachment-thumbnail size-thumbnail\" alt=\"\" loading=\"lazy\" aria-describedby=\"gallery-3-440\" \/><\/a>\n\t\t\t<\/dt>\n\t\t\t\t<dd class='wp-caption-text gallery-caption' id='gallery-3-440'>\n\t\t\t\t(Espa\u00f1ol) Marcaje l\u00e1ser de una pieza de pl\u00e1stico.\n\t\t\t\t<\/dd><\/dl><br style=\"clear: both\" \/>\n\t\t<\/div>\n\n<div class=\"irudia\"><\/div>\n<p>We engrave rubber or plastic injection moulds using laser technology with depths ranging from 0.1 mm to 0.25 mm, according to customer&#8217;s requirement. Also copper or graphite electrodes are made for greater depths.<\/p>\n<div class=\"irudia\"><img title=\"Marcaje l\u00e1ser\" src=\"http:\/\/www.marcajestelleria.com\/en\/productos\/marcaje_laser\/marcaje_laser_03.jpg\" alt=\"Marcaje l\u00e1ser\" \/><\/div>\n<p>Materials behave differently depending on the composition and hardness. For that reason it is recommended to indicate what material the mould is made of and what type of treatment it has undergone. If this is not known, indicate an area of the mould where a test can be performed or include an offcut with the same composition and treatment in the order.<\/p>","protected":false},"excerpt":{"rendered":"<p>We perform marking on several types of metal or plastic parts. We have extensive experience in marking different materials with different treatments, chromed, zinc-plated, painted &#8230; However, the first time a job is tackled, it is recommended to provide an extra part for testing and thus achieve a clear and consistent marking. Alternatively, indicate a [&hellip;]<\/p>\n","protected":false},"author":1,"featured_media":372,"parent":9,"menu_order":1,"comment_status":"closed","ping_status":"closed","template":"","meta":[],"categories":[7],"tags":[],"_links":{"self":[{"href":"https:\/\/telleria.com\/en\/wp-json\/wp\/v2\/pages\/99"}],"collection":[{"href":"https:\/\/telleria.com\/en\/wp-json\/wp\/v2\/pages"}],"about":[{"href":"https:\/\/telleria.com\/en\/wp-json\/wp\/v2\/types\/page"}],"author":[{"embeddable":true,"href":"https:\/\/telleria.com\/en\/wp-json\/wp\/v2\/users\/1"}],"replies":[{"embeddable":true,"href":"https:\/\/telleria.com\/en\/wp-json\/wp\/v2\/comments?post=99"}],"version-history":[{"count":45,"href":"https:\/\/telleria.com\/en\/wp-json\/wp\/v2\/pages\/99\/revisions"}],"predecessor-version":[{"id":1284,"href":"https:\/\/telleria.com\/en\/wp-json\/wp\/v2\/pages\/99\/revisions\/1284"}],"up":[{"embeddable":true,"href":"https:\/\/telleria.com\/en\/wp-json\/wp\/v2\/pages\/9"}],"wp:featuredmedia":[{"embeddable":true,"href":"https:\/\/telleria.com\/en\/wp-json\/wp\/v2\/media\/372"}],"wp:attachment":[{"href":"https:\/\/telleria.com\/en\/wp-json\/wp\/v2\/media?parent=99"}],"wp:term":[{"taxonomy":"category","embeddable":true,"href":"https:\/\/telleria.com\/en\/wp-json\/wp\/v2\/categories?post=99"},{"taxonomy":"post_tag","embeddable":true,"href":"https:\/\/telleria.com\/en\/wp-json\/wp\/v2\/tags?post=99"}],"curies":[{"name":"wp","href":"https:\/\/api.w.org\/{rel}","templated":true}]}}